{"id":793,"date":"2024-05-29T08:19:09","date_gmt":"2024-05-29T08:19:09","guid":{"rendered":"https:\/\/tanzaniadmc.com\/?page_id=793"},"modified":"2024-06-11T11:11:24","modified_gmt":"2024-06-11T11:11:24","slug":"imani","status":"publish","type":"page","link":"https:\/\/tanzaniadmc.com\/es_es\/imani","title":{"rendered":"Nuestro Proyecto Social"},"content":{"rendered":"<div id='av_section_1'  class='avia-section av-1pod5j-b63d269d2f016bfd1c16e2f1431d29cf main_color avia-section-default avia-no-border-styling  avia-builder-el-0  avia-builder-el-no-sibling  avia-bg-style-scroll container_wrap sidebar_right'  ><div class='container av-section-cont-open' ><main  role=\"main\" itemprop=\"mainContentOfPage\"  class='template-page content  av-content-small alpha units'><div class='post-entry post-entry-type-page post-entry-793'><div class='entry-content-wrapper clearfix'>\n\n<style type=\"text\/css\" data-created_by=\"avia_inline_auto\" id=\"style-css-av-lu9lkpgo-710ad2670c6423dbe2bbce624531f8ae\">\n#top .hr.av-lu9lkpgo-710ad2670c6423dbe2bbce624531f8ae{\nmargin-top:30px;\nmargin-bottom:30px;\n}\n.hr.av-lu9lkpgo-710ad2670c6423dbe2bbce624531f8ae .hr-inner{\nwidth:50px;\nborder-color:#ffffff;\n}\n<\/style>\n<div  class='hr av-lu9lkpgo-710ad2670c6423dbe2bbce624531f8ae hr-custom  avia-builder-el-1  el_before_av_heading  avia-builder-el-first  av-desktop-hide av-medium-hide hr-center hr-icon-no'><span class='hr-inner inner-border-av-border-fat'><span class=\"hr-inner-style\"><\/span><\/span><\/div>\n\n<style type=\"text\/css\" data-created_by=\"avia_inline_auto\" id=\"style-css-av-lu9lk2k4-d427834212b3ae97b8ddc55f0388fbbc\">\n#top .av-special-heading.av-lu9lk2k4-d427834212b3ae97b8ddc55f0388fbbc{\npadding-bottom:10px;\n}\nbody .av-special-heading.av-lu9lk2k4-d427834212b3ae97b8ddc55f0388fbbc .av-special-heading-tag .heading-char{\nfont-size:25px;\n}\n.av-special-heading.av-lu9lk2k4-d427834212b3ae97b8ddc55f0388fbbc .av-subheading{\nfont-size:15px;\n}\n<\/style>\n<div  class='av-special-heading av-lu9lk2k4-d427834212b3ae97b8ddc55f0388fbbc av-special-heading-h1 blockquote modern-quote modern-centered  avia-builder-el-2  el_after_av_hr  el_before_av_hr  av-linked-heading'><h1 class='av-special-heading-tag'  itemprop=\"headline\"  ><a class=\"av-heading-link\" href=\"https:\/\/www.imaniworld.org\/es\/\" target=\"_blank\" rel=\"noopener noreferrer\">Nuestro Proyecto Social<\/a><\/h1><div class='av-subheading av-subheading_below'><p>Transformando Vidas en Tanzania<\/p>\n<\/div><div class=\"special-heading-border\"><div class=\"special-heading-inner-border\"><\/div><\/div><\/div>\n\n<style type=\"text\/css\" data-created_by=\"avia_inline_auto\" id=\"style-css-av-rxon-58114daa4d23fae78ada4791945ca702\">\n#top .hr.av-rxon-58114daa4d23fae78ada4791945ca702{\nmargin-top:30px;\nmargin-bottom:30px;\n}\n.hr.av-rxon-58114daa4d23fae78ada4791945ca702 .hr-inner{\nwidth:50px;\nborder-color:#7c9162;\n}\n<\/style>\n<div  class='hr av-rxon-58114daa4d23fae78ada4791945ca702 hr-custom  avia-builder-el-3  el_after_av_heading  el_before_av_image  hr-center hr-icon-no'><span class='hr-inner inner-border-av-border-fat'><span class=\"hr-inner-style\"><\/span><\/span><\/div>\n\n<style type=\"text\/css\" data-created_by=\"avia_inline_auto\" id=\"style-css-av-lwt43yoe-f0a8f369efe9dcb48d5568bb8a67d7c2\">\n.avia-image-container.av-lwt43yoe-f0a8f369efe9dcb48d5568bb8a67d7c2 img.avia_image{\nbox-shadow:none;\n}\n.avia-image-container.av-lwt43yoe-f0a8f369efe9dcb48d5568bb8a67d7c2 .av-image-caption-overlay-center{\ncolor:#ffffff;\n}\n<\/style>\n<div  class='avia-image-container av-lwt43yoe-f0a8f369efe9dcb48d5568bb8a67d7c2 av-styling- av-img-linked avia-align-center  avia-builder-el-4  el_after_av_hr  el_before_av_hr'   itemprop=\"image\" itemscope=\"itemscope\" itemtype=\"https:\/\/schema.org\/ImageObject\" ><div class=\"avia-image-container-inner\"><div class=\"avia-image-overlay-wrap\"><a href=\"https:\/\/www.imaniworld.org\/es\/\" class='avia_image'  aria-label='logo imani'><img decoding=\"async\" fetchpriority=\"high\" class='wp-image-858 avia-img-lazy-loading-not-858 avia_image' src=\"https:\/\/tanzaniadmc.com\/wp-content\/uploads\/2024\/05\/logo-imani-80x80.png\" alt='' title='logo imani'  height=\"80\" width=\"80\"  itemprop=\"thumbnailUrl\" srcset=\"https:\/\/tanzaniadmc.com\/wp-content\/uploads\/2024\/05\/logo-imani-80x80.png 80w, https:\/\/tanzaniadmc.com\/wp-content\/uploads\/2024\/05\/logo-imani-12x12.png 12w, https:\/\/tanzaniadmc.com\/wp-content\/uploads\/2024\/05\/logo-imani-36x36.png 36w, https:\/\/tanzaniadmc.com\/wp-content\/uploads\/2024\/05\/logo-imani-180x180.png 180w, https:\/\/tanzaniadmc.com\/wp-content\/uploads\/2024\/05\/logo-imani.png 225w\" sizes=\"(max-width: 80px) 100vw, 80px\" \/><\/a><\/div><\/div><\/div>\n\n<style type=\"text\/css\" data-created_by=\"avia_inline_auto\" id=\"style-css-av-lwt42b66-f5638a32db66f8cadd613d975268205e\">\n#top .hr.hr-invisible.av-lwt42b66-f5638a32db66f8cadd613d975268205e{\nheight:50px;\n}\n<\/style>\n<div  class='hr av-lwt42b66-f5638a32db66f8cadd613d975268205e hr-invisible  avia-builder-el-5  el_after_av_image  el_before_av_one_fourth'><span class='hr-inner'><span class=\"hr-inner-style\"><\/span><\/span><\/div>\n<div  class='flex_column av-1m69sv-86c691ccb187ddb0899a58f6a4ceeb01 av_one_fourth  avia-builder-el-6  el_after_av_hr  el_before_av_one_half  first flex_column_div'     ><\/div><div  id=\"privados\"  class='flex_column av-lumldwti-b6f38b8ddc611f7cc45974b98eb41791 av_one_half  avia-builder-el-7  el_after_av_one_fourth  el_before_av_one_fourth  flex_column_div av-animated-generic fade-in'     ><section  class='av_textblock_section av-luml1x4w-9a46c87ead65540f78a777161e0bf208'   itemscope=\"itemscope\" itemtype=\"https:\/\/schema.org\/CreativeWork\" ><div class='avia_textblock'  itemprop=\"text\" ><p style=\"text-align: justify;\" class=\"translation-block\">En <b>Tanzania DMC<\/b>, nuestra responsabilidad social es colaborar con organizaciones que marcan una diferencia real en la vida de las personas. Una de nuestras alianzas m\u00e1s valiosas es con la <b>ONG IMANI WORLD<\/b>, que trabaja incansablemente para brindar apoyo integral a ni\u00f1os en situaciones vulnerables en Tanzania.<\/p>\n<p style=\"text-align: justify;\">Childhood in Tanzania faces significant challenges. Violence, abuse, abandonment, and exploitation affect many children. However, through our collaboration with <strong>IMANI WORLD<\/strong>, we strive to create positive change and brighter futures.<\/p>\n<\/div><\/section><\/div><div  class='flex_column av-1ebud3-10baea77075f26e3c2c9e2800ba05daf av_one_fourth  avia-builder-el-9  el_after_av_one_half  el_before_av_hr  flex_column_div'     ><\/div>\n<style type=\"text\/css\" data-created_by=\"avia_inline_auto\" id=\"style-css-av-lumlgp9h-2c9ef8ef41d2b98ca733d1bb4b418208\">\n#top .hr.hr-invisible.av-lumlgp9h-2c9ef8ef41d2b98ca733d1bb4b418208{\nheight:50px;\n}\n<\/style>\n<div  class='hr av-lumlgp9h-2c9ef8ef41d2b98ca733d1bb4b418208 hr-invisible  avia-builder-el-10  el_after_av_one_fourth  el_before_av_one_half'><span class='hr-inner'><span class=\"hr-inner-style\"><\/span><\/span><\/div>\n<div  class='flex_column av-lumlo0s3-3feae17e7981c64c5df9e2cfa0c3a943 av_one_half  avia-builder-el-11  el_after_av_hr  el_before_av_one_half  first flex_column_div av-animated-generic left-to-right'     ><section  class='av_textblock_section av-luml2s3g-5badc6d5f2df41f6bc4302b766f64dad'   itemscope=\"itemscope\" itemtype=\"https:\/\/schema.org\/CreativeWork\" ><div class='avia_textblock'  itemprop=\"text\" ><p style=\"text-align: justify;\"><b>La Educaci\u00f3n como Pilar Fundamental<\/b><\/p>\n<p style=\"text-align: justify;\" class=\"translation-block\">La educaci\u00f3n es un pilar fundamental para romper el ciclo de vulnerabilidad. En Tanzania, s\u00f3lo la educaci\u00f3n primaria es gratuita, pero llevar a un ni\u00f1o a la escuela no siempre es sencillo. El uso obligatorio de uniformes, zapatos, material escolar y libros, as\u00ed como el pago de diversas tasas, dificulta el acceso a la educaci\u00f3n para muchas familias. Es por eso que <b>IMANI WORLD y Tanzania DMC<\/b> se esfuerzan por escolarizar al mayor n\u00famero de ni\u00f1os posible, brind\u00e1ndoles oportunidades reales de buscar un futuro mejor.<\/p>\n<p style=\"text-align: justify;\">En la rep\u00fablica de Tanzania, la educaci\u00f3n ha sido un enfoque constante desde hace casi seis d\u00e9cadas de independencia. Julius Nyerere, el padre fundador de Tanzania, vincul\u00f3 la educaci\u00f3n al desarrollo, enfatizando que no solo es un medio para escapar de la pobreza, sino tambi\u00e9n una herramienta para combatirla. A pesar de las impresionantes tasas de matriculaci\u00f3n, persisten desaf\u00edos.Todav\u00eda se requieren esfuerzos colectivos constantes para conseguir que la educaci\u00f3n de calidad llegue a cada ni\u00f1o en Tanzania. Esta sigue siendo, no obstante, la herramienta principal para reducir las desigualdades y la pobreza.<\/p>\n<\/div><\/section><\/div><div  class='flex_column av-lumlo51o-f90b42a3b72e113c3328c8f87939ab64 av_one_half  avia-builder-el-13  el_after_av_one_half  el_before_av_one_half  flex_column_div av-animated-generic bottom-to-top'     ><p>\n<style type=\"text\/css\" data-created_by=\"avia_inline_auto\" id=\"style-css-av-ijj5b-d572e880a197a87540b6a61e7f1d3220\">\n#top .hr.hr-invisible.av-ijj5b-d572e880a197a87540b6a61e7f1d3220{\nheight:50px;\n}\n<\/style>\n<div  class='hr av-ijj5b-d572e880a197a87540b6a61e7f1d3220 hr-invisible  avia-builder-el-14  el_before_av_image  avia-builder-el-first'><span class='hr-inner'><span class=\"hr-inner-style\"><\/span><\/span><\/div><br \/>\n\n<style type=\"text\/css\" data-created_by=\"avia_inline_auto\" id=\"style-css-av-lumlaxwa-a23d4df82de94d5d4f7754220677e3a6\">\n.avia-image-container.av-lumlaxwa-a23d4df82de94d5d4f7754220677e3a6 img.avia_image{\nbox-shadow:none;\n}\n.avia-image-container.av-lumlaxwa-a23d4df82de94d5d4f7754220677e3a6 .av-image-caption-overlay-center{\ncolor:#ffffff;\n}\n<\/style>\n<div  class='avia-image-container av-lumlaxwa-a23d4df82de94d5d4f7754220677e3a6 av-styling- avia-align-center  avia-builder-el-15  el_after_av_hr  avia-builder-el-last'   itemprop=\"image\" itemscope=\"itemscope\" itemtype=\"https:\/\/schema.org\/ImageObject\" ><div class=\"avia-image-container-inner\"><div class=\"avia-image-overlay-wrap\"><img decoding=\"async\" fetchpriority=\"high\" class='wp-image-803 avia-img-lazy-loading-not-803 avia_image' src=\"https:\/\/tanzaniadmc.com\/wp-content\/uploads\/2024\/05\/HURUM-3-1.jpg\" alt='' title='HURUM 3 (1)'  height=\"1080\" width=\"1920\"  itemprop=\"thumbnailUrl\" srcset=\"https:\/\/tanzaniadmc.com\/wp-content\/uploads\/2024\/05\/HURUM-3-1.jpg 1920w, https:\/\/tanzaniadmc.com\/wp-content\/uploads\/2024\/05\/HURUM-3-1-300x169.jpg 300w, https:\/\/tanzaniadmc.com\/wp-content\/uploads\/2024\/05\/HURUM-3-1-1030x579.jpg 1030w, https:\/\/tanzaniadmc.com\/wp-content\/uploads\/2024\/05\/HURUM-3-1-768x432.jpg 768w, https:\/\/tanzaniadmc.com\/wp-content\/uploads\/2024\/05\/HURUM-3-1-1536x864.jpg 1536w, https:\/\/tanzaniadmc.com\/wp-content\/uploads\/2024\/05\/HURUM-3-1-18x10.jpg 18w, https:\/\/tanzaniadmc.com\/wp-content\/uploads\/2024\/05\/HURUM-3-1-1500x844.jpg 1500w, https:\/\/tanzaniadmc.com\/wp-content\/uploads\/2024\/05\/HURUM-3-1-705x397.jpg 705w\" sizes=\"(max-width: 1920px) 100vw, 1920px\" \/><\/div><\/div><\/div><\/p><\/div><div  class='flex_column av-lumlnq5v-d967dd9fbc8b8998abe34a466e970761 av_one_half  avia-builder-el-16  el_after_av_one_half  el_before_av_one_half  first flex_column_div av-animated-generic bottom-to-top  column-top-margin'     ><p>\n<style type=\"text\/css\" data-created_by=\"avia_inline_auto\" id=\"style-css-av-hp50f-be5278d8051ed866fa2d6ca3fb7ff819\">\n#top .hr.hr-invisible.av-hp50f-be5278d8051ed866fa2d6ca3fb7ff819{\nheight:50px;\n}\n<\/style>\n<div  class='hr av-hp50f-be5278d8051ed866fa2d6ca3fb7ff819 hr-invisible  avia-builder-el-17  el_before_av_image  avia-builder-el-first'><span class='hr-inner'><span class=\"hr-inner-style\"><\/span><\/span><\/div><br \/>\n\n<style type=\"text\/css\" data-created_by=\"avia_inline_auto\" id=\"style-css-av-lumlcdhr-09709f0952285d69c4025d6149547249\">\n.avia-image-container.av-lumlcdhr-09709f0952285d69c4025d6149547249 img.avia_image{\nbox-shadow:none;\n}\n.avia-image-container.av-lumlcdhr-09709f0952285d69c4025d6149547249 .av-image-caption-overlay-center{\ncolor:#ffffff;\n}\n<\/style>\n<div  class='avia-image-container av-lumlcdhr-09709f0952285d69c4025d6149547249 av-styling- avia-align-center  avia-builder-el-18  el_after_av_hr  avia-builder-el-last'   itemprop=\"image\" itemscope=\"itemscope\" itemtype=\"https:\/\/schema.org\/ImageObject\" ><div class=\"avia-image-container-inner\"><div class=\"avia-image-overlay-wrap\"><img decoding=\"async\" fetchpriority=\"high\" class='wp-image-795 avia-img-lazy-loading-not-795 avia_image' src=\"https:\/\/tanzaniadmc.com\/wp-content\/uploads\/2024\/05\/HURUMA.jpg\" alt='' title='HURUMA'  height=\"1506\" width=\"2258\"  itemprop=\"thumbnailUrl\" srcset=\"https:\/\/tanzaniadmc.com\/wp-content\/uploads\/2024\/05\/HURUMA.jpg 2258w, https:\/\/tanzaniadmc.com\/wp-content\/uploads\/2024\/05\/HURUMA-300x200.jpg 300w, https:\/\/tanzaniadmc.com\/wp-content\/uploads\/2024\/05\/HURUMA-1030x687.jpg 1030w, https:\/\/tanzaniadmc.com\/wp-content\/uploads\/2024\/05\/HURUMA-768x512.jpg 768w, https:\/\/tanzaniadmc.com\/wp-content\/uploads\/2024\/05\/HURUMA-1536x1024.jpg 1536w, https:\/\/tanzaniadmc.com\/wp-content\/uploads\/2024\/05\/HURUMA-2048x1366.jpg 2048w, https:\/\/tanzaniadmc.com\/wp-content\/uploads\/2024\/05\/HURUMA-18x12.jpg 18w, https:\/\/tanzaniadmc.com\/wp-content\/uploads\/2024\/05\/HURUMA-1500x1000.jpg 1500w, https:\/\/tanzaniadmc.com\/wp-content\/uploads\/2024\/05\/HURUMA-705x470.jpg 705w\" sizes=\"(max-width: 2258px) 100vw, 2258px\" \/><\/div><\/div><\/div><\/p><\/div><div  class='flex_column av-lumlnvr9-dd811e499d769c97b79989bb4d915928 av_one_half  avia-builder-el-19  el_after_av_one_half  el_before_av_one_half  flex_column_div av-animated-generic right-to-left  column-top-margin'     ><section  class='av_textblock_section av-lumlbtsl-e26df81dbda73b39fd0714a83e0f4cc5'   itemscope=\"itemscope\" itemtype=\"https:\/\/schema.org\/CreativeWork\" ><div class='avia_textblock'  itemprop=\"text\" ><p style=\"text-align: justify;\"><b>Un Entorno Seguro para Crecer<\/b><\/p>\n<p style=\"text-align: justify;\" class=\"translation-block\">La colaboraci\u00f3n entre <b>Tanzania DMC e IMANI WORLD<\/b> no solo se centra en la educaci\u00f3n, sino tambi\u00e9n en proporcionar un entorno seguro. El orfanato Huruma es un refugio donde los ni\u00f1os encuentran amor, cuidado y protecci\u00f3n. Gracias a las continuas aportaciones, el n\u00famero de ni\u00f1os escolarizados ha ido creciendo, y cada uno de ellos tiene la oportunidad de crecer en un ambiente que valora su bienestar y desarrollo.<\/p>\n<p style=\"text-align: justify;\">Los voluntarios y el personal del orfanato trabajan incansablemente para crear un espacio donde los ni\u00f1os se sientan seguros, amados y capaces de alcanzar su m\u00e1ximo potencial. \nEl orfanato Huruma no solo es un lugar de refugio, sino tambi\u00e9n un hogar donde se fomenta el crecimiento integral. Los ni\u00f1os participan en actividades recreativas, talleres educativos y proyectos art\u00edsticos. A trav\u00e9s de estas experiencias, desarrollan habilidades sociales, creatividad y autoconfianza. Cada ni\u00f1o es animado a so\u00f1ar en grande y a creer en s\u00ed mismo.<\/p>\n<\/div><\/section><\/div><div  class='flex_column av-2xaqh-866766213971d303e89a49fc7bbdddc2 av_one_half  avia-builder-el-21  el_after_av_one_half  el_before_av_one_half  first flex_column_div av-animated-generic right-to-left  column-top-margin'     ><section  class='av_textblock_section av-lwrjr9ol-9d9c0dea0d377d045860bf742404a218'   itemscope=\"itemscope\" itemtype=\"https:\/\/schema.org\/CreativeWork\" ><div class='avia_textblock'  itemprop=\"text\" ><p style=\"text-align: justify;\"><b>Familias de Acogida<\/b><\/p>\n<p style=\"text-align: justify;\">Adem\u00e1s, trabajamos en la b\u00fasqueda de familias de acogida para los ni\u00f1os hu\u00e9rfanos o abandonados. Estas familias brindan un entorno amoroso y estable, permitiendo que los ni\u00f1os crezcan rodeados de afecto y cuidado. \nLa colaboraci\u00f3n entre Tanzania DMC e IMANI WORLD va m\u00e1s all\u00e1 de las aulas escolares. No solo nos preocupamos por la educaci\u00f3n formal, sino tambi\u00e9n por el bienestar emocional y el sentido de pertenencia de cada ni\u00f1o buscando familias de acogida. Es aqu\u00ed donde los lazos afectivos se tejen con paciencia y dedicaci\u00f3n. Los ni\u00f1os encuentran un lugar donde pertenecer, donde se les escucha, se les cuida y se les anima a so\u00f1ar en grande.<\/p>\n<p style=\"text-align: justify;\">Cada familia de acogida se convierte en un faro de esperanza para estos ni\u00f1os. A trav\u00e9s de gestos cotidianos, como compartir una comida o asistir juntos al culto de la denominaci\u00f3n religiosa a la que pertenezcan, se construyen conexiones profundas. Los peque\u00f1os aprenden sobre la importancia de la compasi\u00f3n, la solidaridad y la confianza en los dem\u00e1s. En este entorno de amor y estabilidad, cada ni\u00f1o tiene la oportunidad de florecer y construir un futuro lleno de posibilidades.<\/p>\n<\/div><\/section><\/div><div  class='flex_column av-mfcnl-f4cc5c57553352bfceb5b85814959dee av_one_half  avia-builder-el-23  el_after_av_one_half  el_before_av_hr  flex_column_div av-animated-generic bottom-to-top  column-top-margin'     ><p>\n<style type=\"text\/css\" data-created_by=\"avia_inline_auto\" id=\"style-css-av-h8y09-0e691c135225de7bf94dc778328f4697\">\n#top .hr.hr-invisible.av-h8y09-0e691c135225de7bf94dc778328f4697{\nheight:50px;\n}\n<\/style>\n<div  class='hr av-h8y09-0e691c135225de7bf94dc778328f4697 hr-invisible  avia-builder-el-24  el_before_av_image  avia-builder-el-first'><span class='hr-inner'><span class=\"hr-inner-style\"><\/span><\/span><\/div><br \/>\n\n<style type=\"text\/css\" data-created_by=\"avia_inline_auto\" id=\"style-css-av-az909-9bb129665f03a8554ce3cd13c6db30cf\">\n.avia-image-container.av-az909-9bb129665f03a8554ce3cd13c6db30cf img.avia_image{\nbox-shadow:none;\n}\n.avia-image-container.av-az909-9bb129665f03a8554ce3cd13c6db30cf .av-image-caption-overlay-center{\ncolor:#ffffff;\n}\n<\/style>\n<div  class='avia-image-container av-az909-9bb129665f03a8554ce3cd13c6db30cf av-styling- avia-align-center  avia-builder-el-25  el_after_av_hr  avia-builder-el-last'   itemprop=\"image\" itemscope=\"itemscope\" itemtype=\"https:\/\/schema.org\/ImageObject\" ><div class=\"avia-image-container-inner\"><div class=\"avia-image-overlay-wrap\"><img decoding=\"async\" fetchpriority=\"high\" class='wp-image-796 avia-img-lazy-loading-not-796 avia_image' src=\"https:\/\/tanzaniadmc.com\/wp-content\/uploads\/2024\/05\/HURUMA-2-1.jpg\" alt='' title='HURUMA 2'  height=\"1506\" width=\"2258\"  itemprop=\"thumbnailUrl\" srcset=\"https:\/\/tanzaniadmc.com\/wp-content\/uploads\/2024\/05\/HURUMA-2-1.jpg 2258w, https:\/\/tanzaniadmc.com\/wp-content\/uploads\/2024\/05\/HURUMA-2-1-300x200.jpg 300w, https:\/\/tanzaniadmc.com\/wp-content\/uploads\/2024\/05\/HURUMA-2-1-1030x687.jpg 1030w, https:\/\/tanzaniadmc.com\/wp-content\/uploads\/2024\/05\/HURUMA-2-1-768x512.jpg 768w, https:\/\/tanzaniadmc.com\/wp-content\/uploads\/2024\/05\/HURUMA-2-1-1536x1024.jpg 1536w, https:\/\/tanzaniadmc.com\/wp-content\/uploads\/2024\/05\/HURUMA-2-1-2048x1366.jpg 2048w, https:\/\/tanzaniadmc.com\/wp-content\/uploads\/2024\/05\/HURUMA-2-1-18x12.jpg 18w, https:\/\/tanzaniadmc.com\/wp-content\/uploads\/2024\/05\/HURUMA-2-1-1500x1000.jpg 1500w, https:\/\/tanzaniadmc.com\/wp-content\/uploads\/2024\/05\/HURUMA-2-1-705x470.jpg 705w\" sizes=\"(max-width: 2258px) 100vw, 2258px\" \/><\/div><\/div><\/div><\/p><\/div>\n<style type=\"text\/css\" data-created_by=\"avia_inline_auto\" id=\"style-css-av-lumlgcik-e074eb93ac9a05624e00b67fc6cd02a6\">\n#top .hr.hr-invisible.av-lumlgcik-e074eb93ac9a05624e00b67fc6cd02a6{\nheight:50px;\n}\n<\/style>\n<div  class='hr av-lumlgcik-e074eb93ac9a05624e00b67fc6cd02a6 hr-invisible  avia-builder-el-26  el_after_av_one_half  avia-builder-el-last'><span class='hr-inner'><span class=\"hr-inner-style\"><\/span><\/span><\/div>\n<\/div><\/div><\/main><!-- close content main element --><\/div><\/div><div id='after_section_1'  class='main_color av_default_container_wrap container_wrap sidebar_right'  ><div class='container av-section-cont-open' ><div class='template-page content  av-content-small alpha units'><div class='post-entry post-entry-type-page post-entry-793'><div class='entry-content-wrapper clearfix'>","protected":false},"excerpt":{"rendered":"","protected":false},"author":1,"featured_media":0,"parent":0,"menu_order":0,"comment_status":"closed","ping_status":"closed","template":"","meta":{"footnotes":""},"class_list":["post-793","page","type-page","status-publish","hentry"],"_links":{"self":[{"href":"https:\/\/tanzaniadmc.com\/es_es\/wp-json\/wp\/v2\/pages\/793","targetHints":{"allow":["GET"]}}],"collection":[{"href":"https:\/\/tanzaniadmc.com\/es_es\/wp-json\/wp\/v2\/pages"}],"about":[{"href":"https:\/\/tanzaniadmc.com\/es_es\/wp-json\/wp\/v2\/types\/page"}],"author":[{"embeddable":true,"href":"https:\/\/tanzaniadmc.com\/es_es\/wp-json\/wp\/v2\/users\/1"}],"replies":[{"embeddable":true,"href":"https:\/\/tanzaniadmc.com\/es_es\/wp-json\/wp\/v2\/comments?post=793"}],"version-history":[{"count":10,"href":"https:\/\/tanzaniadmc.com\/es_es\/wp-json\/wp\/v2\/pages\/793\/revisions"}],"predecessor-version":[{"id":864,"href":"https:\/\/tanzaniadmc.com\/es_es\/wp-json\/wp\/v2\/pages\/793\/revisions\/864"}],"wp:attachment":[{"href":"https:\/\/tanzaniadmc.com\/es_es\/wp-json\/wp\/v2\/media?parent=793"}],"curies":[{"name":"wp","href":"https:\/\/api.w.org\/{rel}","templated":true}]}}