{"id":463,"date":"2024-04-05T11:17:55","date_gmt":"2024-04-05T11:17:55","guid":{"rendered":"https:\/\/tanzaniadmc.com\/?page_id=463"},"modified":"2024-05-29T10:19:48","modified_gmt":"2024-05-29T10:19:48","slug":"destino-kenia","status":"publish","type":"page","link":"https:\/\/tanzaniadmc.com\/es_es\/destinos\/destino-kenia","title":{"rendered":"Destino Kenia"},"content":{"rendered":"<style type=\"text\/css\" data-created_by=\"avia_inline_auto\" id=\"style-css-av-lu9lk2k4-7478b62fff95e6bcbd7b7c272e009ebb\">\n#top .av-special-heading.av-lu9lk2k4-7478b62fff95e6bcbd7b7c272e009ebb{\npadding-bottom:10px;\n}\nbody .av-special-heading.av-lu9lk2k4-7478b62fff95e6bcbd7b7c272e009ebb .av-special-heading-tag .heading-char{\nfont-size:25px;\n}\n.av-special-heading.av-lu9lk2k4-7478b62fff95e6bcbd7b7c272e009ebb .av-subheading{\nfont-size:15px;\n}\n<\/style>\n<div  class='av-special-heading av-lu9lk2k4-7478b62fff95e6bcbd7b7c272e009ebb av-special-heading-h1 blockquote modern-quote modern-centered  avia-builder-el-0  el_before_av_hr  avia-builder-el-first'><h1 class='av-special-heading-tag'  itemprop=\"headline\"  >Kenia<\/h1><div class=\"special-heading-border\"><div class=\"special-heading-inner-border\"><\/div><\/div><\/div>\n\n<style type=\"text\/css\" data-created_by=\"avia_inline_auto\" id=\"style-css-av-lu9lkpgo-cb349d7f39e5d320bc469a78c8192c28\">\n#top .hr.av-lu9lkpgo-cb349d7f39e5d320bc469a78c8192c28{\nmargin-top:30px;\nmargin-bottom:30px;\n}\n.hr.av-lu9lkpgo-cb349d7f39e5d320bc469a78c8192c28 .hr-inner{\nwidth:50px;\nborder-color:#7c9162;\n}\n<\/style>\n<div  class='hr av-lu9lkpgo-cb349d7f39e5d320bc469a78c8192c28 hr-custom  avia-builder-el-1  el_after_av_heading  el_before_av_textblock  hr-center hr-icon-no'><span class='hr-inner inner-border-av-border-fat'><span class=\"hr-inner-style\"><\/span><\/span><\/div>\n<section  class='av_textblock_section av-lumk2zgz-962f95d8b16136e7f4b6c13118de0ec7'   itemscope=\"itemscope\" itemtype=\"https:\/\/schema.org\/CreativeWork\" ><div class='avia_textblock'  itemprop=\"text\" ><p style=\"text-align: justify;\">Kenia, tierra de maravillas y contrastes en el coraz\u00f3n del este africano. Las llanuras del Mas\u00e1i Mara, testigo de la gran migraci\u00f3n, donde la vida salvaje despliega su drama m\u00e1s apasionante. En las aguas del Oc\u00e9ano \u00cdndico, playas de arena blanca acariciadas por aguas cristalinas invitan al descanso y la contemplaci\u00f3n. El Lago Nakuru, santuario de flamencos y rinocerontes, refleja la grandeza natural de esta tierra. En la reserva de Samburu, especies \u00fanicas desaf\u00edan la supervivencia en un entorno salvaje y deslumbrante. La cultura mas\u00e1i, arraigada y vibrante, ofrece un baile de tradiciones ancestrales en medio de la majestuosidad africana. Kenia, donde la aventura y la naturaleza se funden en un paisaje \u00fanico.<\/p>\n<\/div><\/section>\n\n<style type=\"text\/css\" data-created_by=\"avia_inline_auto\" id=\"style-css-av-2dv55d-145646d081c6e5683131f8741eefb478\">\n#top .hr.hr-invisible.av-2dv55d-145646d081c6e5683131f8741eefb478{\nheight:50px;\n}\n<\/style>\n<div  class='hr av-2dv55d-145646d081c6e5683131f8741eefb478 hr-invisible  avia-builder-el-3  el_after_av_textblock  el_before_av_image'><span class='hr-inner'><span class=\"hr-inner-style\"><\/span><\/span><\/div>\n\n<style type=\"text\/css\" data-created_by=\"avia_inline_auto\" id=\"style-css-av-lu9lm5me-f5eff0019dd186e5b4939d183b73b772\">\n.avia-image-container.av-lu9lm5me-f5eff0019dd186e5b4939d183b73b772 img.avia_image{\nbox-shadow:none;\n}\n.avia-image-container.av-lu9lm5me-f5eff0019dd186e5b4939d183b73b772 .av-image-caption-overlay-center{\ncolor:#ffffff;\n}\n<\/style>\n<div  class='avia-image-container av-lu9lm5me-f5eff0019dd186e5b4939d183b73b772 av-styling- avia_animated_image av-animated-when-visible-95 fade-in avia-align-center  avia-builder-el-4  el_after_av_hr  el_before_av_hr'   itemprop=\"image\" itemscope=\"itemscope\" itemtype=\"https:\/\/schema.org\/ImageObject\" ><div class=\"avia-image-container-inner\"><div class=\"avia-image-overlay-wrap\"><img decoding=\"async\" fetchpriority=\"high\" class='wp-image-464 avia-img-lazy-loading-not-464 avia_image' src=\"https:\/\/tanzaniadmc.com\/wp-content\/uploads\/2024\/04\/Kenya.jpg\" alt='' title='xr:d:DAGAgcgvWPM:85,j:2902993675096920832,t:24040313'  height=\"1080\" width=\"1920\"  itemprop=\"thumbnailUrl\" srcset=\"https:\/\/tanzaniadmc.com\/wp-content\/uploads\/2024\/04\/Kenya.jpg 1920w, https:\/\/tanzaniadmc.com\/wp-content\/uploads\/2024\/04\/Kenya-300x169.jpg 300w, https:\/\/tanzaniadmc.com\/wp-content\/uploads\/2024\/04\/Kenya-1030x579.jpg 1030w, https:\/\/tanzaniadmc.com\/wp-content\/uploads\/2024\/04\/Kenya-768x432.jpg 768w, https:\/\/tanzaniadmc.com\/wp-content\/uploads\/2024\/04\/Kenya-1536x864.jpg 1536w, https:\/\/tanzaniadmc.com\/wp-content\/uploads\/2024\/04\/Kenya-18x10.jpg 18w, https:\/\/tanzaniadmc.com\/wp-content\/uploads\/2024\/04\/Kenya-1500x844.jpg 1500w, https:\/\/tanzaniadmc.com\/wp-content\/uploads\/2024\/04\/Kenya-705x397.jpg 705w\" sizes=\"(max-width: 1920px) 100vw, 1920px\" \/><\/div><\/div><\/div>\n\n<style type=\"text\/css\" data-created_by=\"avia_inline_auto\" id=\"style-css-av-6tt43-f6cc36ee767df9b4ace72def9bead0ce\">\n#top .hr.hr-invisible.av-6tt43-f6cc36ee767df9b4ace72def9bead0ce{\nheight:50px;\n}\n<\/style>\n<div  class='hr av-6tt43-f6cc36ee767df9b4ace72def9bead0ce hr-invisible  avia-builder-el-5  el_after_av_image  el_before_av_one_half'><span class='hr-inner'><span class=\"hr-inner-style\"><\/span><\/span><\/div>\n<div  class='flex_column av-26hkyp-db938593766ae8448ce02e792d7f9191 av_one_half  avia-builder-el-6  el_after_av_hr  el_before_av_one_half  first flex_column_div av-animated-generic bottom-to-top'     ><section  class='av_textblock_section av-lui2ug62-e27e4967c8999f773b319b6f5fe73f11'   itemscope=\"itemscope\" itemtype=\"https:\/\/schema.org\/CreativeWork\" ><div class='avia_textblock'  itemprop=\"text\" ><p style=\"text-align: justify;\"><strong>Nairobi<\/strong><\/p>\n<p style=\"text-align: justify;\">Nairobi, enraizada en su pasado colonial, emerge como una capital din\u00e1mica en el este de \u00c1frica, prometiendo un futuro pr\u00f3spero. El legado colonial brit\u00e1nico se entrelaza con la modernidad emergente, manifest\u00e1ndose en la arquitectura hist\u00f3rica y en la pulsante vida urbana. Este contraste entre lo antiguo y lo nuevo se fusiona con la fuerte personalidad de las diversas tribus y etnias que coexisten en la ciudad, como los kikuyus, los luos y los mas\u00e1is, cada uno aportando su rica herencia cultural. En Nairobi, la convergencia entre pasado y futuro da forma a una identidad \u00fanica, donde la diversidad es celebrada como un tesoro nacional.<\/p>\n<p style=\"text-align: justify;\">\n<\/div><\/section><\/div><div  class='flex_column av-20zfh5-9c38ad45e7cec787d80428fed38a67d9 av_one_half  avia-builder-el-8  el_after_av_one_half  el_before_av_one_half  flex_column_div av-animated-generic fade-in'     ><style type=\"text\/css\" data-created_by=\"avia_inline_auto\" id=\"style-css-av-lujgywj8-c94a11ef02716f53c988e486cded80e1\">\n.avia-image-container.av-lujgywj8-c94a11ef02716f53c988e486cded80e1 img.avia_image{\nbox-shadow:none;\n}\n.avia-image-container.av-lujgywj8-c94a11ef02716f53c988e486cded80e1 .av-image-caption-overlay-center{\ncolor:#ffffff;\n}\n<\/style>\n<div  class='avia-image-container av-lujgywj8-c94a11ef02716f53c988e486cded80e1 av-styling- avia-align-center  avia-builder-el-9  avia-builder-el-no-sibling'   itemprop=\"image\" itemscope=\"itemscope\" itemtype=\"https:\/\/schema.org\/ImageObject\" ><div class=\"avia-image-container-inner\"><div class=\"avia-image-overlay-wrap\"><img decoding=\"async\" fetchpriority=\"high\" class='wp-image-465 avia-img-lazy-loading-not-465 avia_image' src=\"https:\/\/tanzaniadmc.com\/wp-content\/uploads\/2024\/04\/Nairobi.jpg\" alt='' title='xr:d:DAGAgcgvWPM:87,j:4713440722430425732,t:24040313'  height=\"1080\" width=\"1920\"  itemprop=\"thumbnailUrl\" srcset=\"https:\/\/tanzaniadmc.com\/wp-content\/uploads\/2024\/04\/Nairobi.jpg 1920w, https:\/\/tanzaniadmc.com\/wp-content\/uploads\/2024\/04\/Nairobi-300x169.jpg 300w, https:\/\/tanzaniadmc.com\/wp-content\/uploads\/2024\/04\/Nairobi-1030x579.jpg 1030w, https:\/\/tanzaniadmc.com\/wp-content\/uploads\/2024\/04\/Nairobi-768x432.jpg 768w, https:\/\/tanzaniadmc.com\/wp-content\/uploads\/2024\/04\/Nairobi-1536x864.jpg 1536w, https:\/\/tanzaniadmc.com\/wp-content\/uploads\/2024\/04\/Nairobi-18x10.jpg 18w, https:\/\/tanzaniadmc.com\/wp-content\/uploads\/2024\/04\/Nairobi-1500x844.jpg 1500w, https:\/\/tanzaniadmc.com\/wp-content\/uploads\/2024\/04\/Nairobi-705x397.jpg 705w\" sizes=\"(max-width: 1920px) 100vw, 1920px\" \/><\/div><\/div><\/div><\/div><\/p>\n<div  class='flex_column av-1xdlv5-91e76f52792987000dd0ff839e9055e5 av_one_half  avia-builder-el-10  el_after_av_one_half  el_before_av_one_half  first flex_column_div  column-top-margin'     ><style type=\"text\/css\" data-created_by=\"avia_inline_auto\" id=\"style-css-av-lujgzfgy-c245786cc1455c40d57992a4e03d2391\">\n.avia-image-container.av-lujgzfgy-c245786cc1455c40d57992a4e03d2391 img.avia_image{\nbox-shadow:none;\n}\n.avia-image-container.av-lujgzfgy-c245786cc1455c40d57992a4e03d2391 .av-image-caption-overlay-center{\ncolor:#ffffff;\n}\n<\/style>\n<div  class='avia-image-container av-lujgzfgy-c245786cc1455c40d57992a4e03d2391 av-styling- avia-align-center  avia-builder-el-11  avia-builder-el-no-sibling'   itemprop=\"image\" itemscope=\"itemscope\" itemtype=\"https:\/\/schema.org\/ImageObject\" ><div class=\"avia-image-container-inner\"><div class=\"avia-image-overlay-wrap\"><img decoding=\"async\" fetchpriority=\"high\" class='wp-image-466 avia-img-lazy-loading-not-466 avia_image' src=\"https:\/\/tanzaniadmc.com\/wp-content\/uploads\/2024\/04\/Amboseli.jpg\" alt='' title='xr:d:DAGAgcgvWPM:84,j:9030140965335298649,t:24040313'  height=\"1080\" width=\"1920\"  itemprop=\"thumbnailUrl\" srcset=\"https:\/\/tanzaniadmc.com\/wp-content\/uploads\/2024\/04\/Amboseli.jpg 1920w, https:\/\/tanzaniadmc.com\/wp-content\/uploads\/2024\/04\/Amboseli-300x169.jpg 300w, https:\/\/tanzaniadmc.com\/wp-content\/uploads\/2024\/04\/Amboseli-1030x579.jpg 1030w, https:\/\/tanzaniadmc.com\/wp-content\/uploads\/2024\/04\/Amboseli-768x432.jpg 768w, https:\/\/tanzaniadmc.com\/wp-content\/uploads\/2024\/04\/Amboseli-1536x864.jpg 1536w, https:\/\/tanzaniadmc.com\/wp-content\/uploads\/2024\/04\/Amboseli-18x10.jpg 18w, https:\/\/tanzaniadmc.com\/wp-content\/uploads\/2024\/04\/Amboseli-1500x844.jpg 1500w, https:\/\/tanzaniadmc.com\/wp-content\/uploads\/2024\/04\/Amboseli-705x397.jpg 705w\" sizes=\"(max-width: 1920px) 100vw, 1920px\" \/><\/div><\/div><\/div><\/div>\n<div  class='flex_column av-1qi9jl-75b0fd4a9a5fa91e0873f9cf01a3340b av_one_half  avia-builder-el-12  el_after_av_one_half  el_before_av_one_half  flex_column_div av-animated-generic bottom-to-top  column-top-margin'     ><section  class='av_textblock_section av-lui2vk2a-af4574139f887c3a6546c86916f20188'   itemscope=\"itemscope\" itemtype=\"https:\/\/schema.org\/CreativeWork\" ><div class='avia_textblock'  itemprop=\"text\" ><p style=\"text-align: justify;\"><b>Parque Nacional de Amboseli<\/b><\/p>\n<p style=\"text-align: justify;\">En el coraz\u00f3n de la salvaje \u00c1frica se alza el Parque Nacional de Amboseli, un santuario de vastas llanuras y majestuosos elefantes que caminan con la elegancia de reyes. Sus paisajes inmensos, dominados por el imponente Kilimanjaro, ofrecen un espect\u00e1culo visual incomparable. Aqu\u00ed, los safaris son una aventura inolvidable, con la oportunidad de avistar leones, guepardos y cebras en su h\u00e1bitat natural. Adem\u00e1s, el encuentro con las tribus mas\u00e1i brinda una experiencia cultural \u00fanica, donde la tradici\u00f3n y la autenticidad se entrelazan en un baile ancestral. En Amboseli, cada rinc\u00f3n es un poema de la naturaleza, cada experiencia un tesoro de la vida salvaje africana.<\/p>\n<\/div><\/section><\/div><div  class='flex_column av-1igzyp-811704bd2b9d1d371cffd1367c46137a av_one_half  avia-builder-el-14  el_after_av_one_half  el_before_av_one_half  first flex_column_div av-animated-generic bottom-to-top  column-top-margin'     ><section  class='av_textblock_section av-lui2w2fe-0cc79b15e5da3eb3bd5dde803d569c83'   itemscope=\"itemscope\" itemtype=\"https:\/\/schema.org\/CreativeWork\" ><div class='avia_textblock'  itemprop=\"text\" ><p style=\"text-align: justify;\"><b>Reserva de Loisaba<\/b><\/p>\n<p style=\"text-align: justify;\">Loisaba, un rinc\u00f3n de Kenia donde la opulencia y la naturaleza salvaje se entrelazan en una danza cautivadora. Aqu\u00ed, los viajeros se sumergen en la experiencia sublime de la vida africana, mientras el lujo discreto se funde con la vastedad de las llanuras.\nLe esperan al viajero amaneceres dorados, donde los elefantes deambulan como guardianes ancestrales. Las tiendas de campa\u00f1a, suntuosas y ef\u00edmeras, ser\u00edan su lienzo para describir la soledad majestuosa bajo el cielo estrellado.\nEn Loisaba, el tiempo se desvanece en la bruma matutina, y los corazones se llenan de asombro. El lujo aqu\u00ed no es ostentoso, sino un abrazo c\u00e1lido de la naturaleza indomable. Como Kapu\u015bci\u0144ski, los viajeros se sumergen en la poes\u00eda de la tierra, donde cada hoja y cada huella cuentan una historia.\nBienvenidos a Loisaba, donde el lujo y la naturaleza bailan al ritmo de la vida salvaje.<\/p>\n<p style=\"text-align: justify;\"><span style=\"color: #888888;\">\u00a0<\/span><\/p>\n<\/div><\/section><\/div><div  class='flex_column av-1gyopt-12a28e14faf387dffb90a27de268f36d av_one_half  avia-builder-el-16  el_after_av_one_half  el_before_av_one_half  flex_column_div  column-top-margin'     ><style type=\"text\/css\" data-created_by=\"avia_inline_auto\" id=\"style-css-av-lujgzxlu-c1b6518f99cb570e273c90a20098e4b6\">\n.avia-image-container.av-lujgzxlu-c1b6518f99cb570e273c90a20098e4b6 img.avia_image{\nbox-shadow:none;\n}\n.avia-image-container.av-lujgzxlu-c1b6518f99cb570e273c90a20098e4b6 .av-image-caption-overlay-center{\ncolor:#ffffff;\n}\n<\/style>\n<div  class='avia-image-container av-lujgzxlu-c1b6518f99cb570e273c90a20098e4b6 av-styling- avia-align-center  avia-builder-el-17  avia-builder-el-no-sibling'   itemprop=\"image\" itemscope=\"itemscope\" itemtype=\"https:\/\/schema.org\/ImageObject\" ><div class=\"avia-image-container-inner\"><div class=\"avia-image-overlay-wrap\"><img decoding=\"async\" fetchpriority=\"high\" class='wp-image-467 avia-img-lazy-loading-not-467 avia_image' src=\"https:\/\/tanzaniadmc.com\/wp-content\/uploads\/2024\/04\/Loisaba.jpg\" alt='' title='Loisaba'  height=\"306\" width=\"460\"  itemprop=\"thumbnailUrl\" srcset=\"https:\/\/tanzaniadmc.com\/wp-content\/uploads\/2024\/04\/Loisaba.jpg 460w, https:\/\/tanzaniadmc.com\/wp-content\/uploads\/2024\/04\/Loisaba-300x200.jpg 300w, https:\/\/tanzaniadmc.com\/wp-content\/uploads\/2024\/04\/Loisaba-18x12.jpg 18w\" sizes=\"(max-width: 460px) 100vw, 460px\" \/><\/div><\/div><\/div><\/div><\/p>\n<div  class='flex_column av-183s09-b2c73bbf6b43d03f7af3abb36ec80919 av_one_half  avia-builder-el-18  el_after_av_one_half  el_before_av_one_half  first flex_column_div  column-top-margin'     ><style type=\"text\/css\" data-created_by=\"avia_inline_auto\" id=\"style-css-av-lujh0jdu-a110446a4bf1a7ff45918a068ddb8ccc\">\n.avia-image-container.av-lujh0jdu-a110446a4bf1a7ff45918a068ddb8ccc img.avia_image{\nbox-shadow:none;\n}\n.avia-image-container.av-lujh0jdu-a110446a4bf1a7ff45918a068ddb8ccc .av-image-caption-overlay-center{\ncolor:#ffffff;\n}\n<\/style>\n<div  class='avia-image-container av-lujh0jdu-a110446a4bf1a7ff45918a068ddb8ccc av-styling- avia-align-center  avia-builder-el-19  avia-builder-el-no-sibling'   itemprop=\"image\" itemscope=\"itemscope\" itemtype=\"https:\/\/schema.org\/ImageObject\" ><div class=\"avia-image-container-inner\"><div class=\"avia-image-overlay-wrap\"><img decoding=\"async\" fetchpriority=\"high\" class='wp-image-468 avia-img-lazy-loading-not-468 avia_image' src=\"https:\/\/tanzaniadmc.com\/wp-content\/uploads\/2024\/04\/Masai-Mara.jpg\" alt='' title='xr:d:DAGAgcgvWPM:90,j:5209962583603717324,t:24040313'  height=\"1080\" width=\"1920\"  itemprop=\"thumbnailUrl\" srcset=\"https:\/\/tanzaniadmc.com\/wp-content\/uploads\/2024\/04\/Masai-Mara.jpg 1920w, https:\/\/tanzaniadmc.com\/wp-content\/uploads\/2024\/04\/Masai-Mara-300x169.jpg 300w, https:\/\/tanzaniadmc.com\/wp-content\/uploads\/2024\/04\/Masai-Mara-1030x579.jpg 1030w, https:\/\/tanzaniadmc.com\/wp-content\/uploads\/2024\/04\/Masai-Mara-768x432.jpg 768w, https:\/\/tanzaniadmc.com\/wp-content\/uploads\/2024\/04\/Masai-Mara-1536x864.jpg 1536w, https:\/\/tanzaniadmc.com\/wp-content\/uploads\/2024\/04\/Masai-Mara-18x10.jpg 18w, https:\/\/tanzaniadmc.com\/wp-content\/uploads\/2024\/04\/Masai-Mara-1500x844.jpg 1500w, https:\/\/tanzaniadmc.com\/wp-content\/uploads\/2024\/04\/Masai-Mara-705x397.jpg 705w\" sizes=\"(max-width: 1920px) 100vw, 1920px\" \/><\/div><\/div><\/div><\/div>\n<div  class='flex_column av-z93s9-ac5fb7a5f99417416ad8deeb06ef0fd0 av_one_half  avia-builder-el-20  el_after_av_one_half  el_before_av_one_half  flex_column_div av-animated-generic bottom-to-top  column-top-margin'     ><section  class='av_textblock_section av-14upi1-a1feb31476d393388df954d4f3d09de8'   itemscope=\"itemscope\" itemtype=\"https:\/\/schema.org\/CreativeWork\" ><div class='avia_textblock'  itemprop=\"text\" ><p style=\"text-align: justify;\"><strong>Masai Mara<\/strong><\/p>\n<p style=\"text-align: justify;\">En las inmensas llanuras del Parque Nacional de Masai Mara, la vida salvaje se muestra en todo su esplendor. Aqu\u00ed, las manadas de leones acechan con sigilo, mientras las migraciones de cebras y \u00f1us dibujan un ancestral baile en la sabana, y los elefantes avanzan con majestuosidad. Los safaris se convierten en emocionantes expediciones, ofreciendo la oportunidad de avistar a los Cinco Grandes en su h\u00e1bitat natural. Entre lujosas tiendas de campa\u00f1a, se vive un encuentro \u00edntimo con la naturaleza salvaje, mientras que las tribus mas\u00e1i comparten su rica herencia cultural. En Masai Mara, cada momento es una vivencia \u00fanica, un acercamiento a la belleza y la fuerza ind\u00f3mita de la naturaleza africana.<\/p>\n<\/div><\/section><\/div><div  class='flex_column av-jajdd-f2e7888ee75d032d3c208896c8f69a18 av_one_half  avia-builder-el-22  el_after_av_one_half  el_before_av_one_half  first flex_column_div av-animated-generic bottom-to-top  column-top-margin'     ><section  class='av_textblock_section av-2hq81-35819ffe1d9e284e9e20812d2b25f644'   itemscope=\"itemscope\" itemtype=\"https:\/\/schema.org\/CreativeWork\" ><div class='avia_textblock'  itemprop=\"text\" ><p><b>Reserva Nacional de Samburu<\/b><\/p>\n<p style=\"text-align: justify;\">En la impresionante Reserva Nacional de Samburu en Kenia, las emociones alcanzan su m\u00e1ximo esplendor. Aqu\u00ed, los majestuosos leones, las elegantes jirafas y las esquivas leopardos conviven en un paisaje que cautiva con su belleza salvaje. Las acacias se alzan en la sabana, creando escenas que parecen sacadas de un sue\u00f1o africano. Los r\u00edos Ewaso Nyiro y Samburu serpentean a trav\u00e9s del parque, atrayendo a una multitud de elefantes y cocodrilos. Las tribus Samburu, con su cultura \u00fanica, ofrecen un fascinante vistazo a la vida tradicional africana. En Samburu, cada momento es una aventura en la naturaleza inexplorada.<\/p>\n<\/div><\/section><\/div><div  class='flex_column av-7bx21-1dc380cfe10ad7b13c413203330ae98c av_one_half  avia-builder-el-24  el_after_av_one_half  el_before_av_one_half  flex_column_div  column-top-margin'     ><style type=\"text\/css\" data-created_by=\"avia_inline_auto\" id=\"style-css-av-lujh12jw-1159f458fc093dd921f0e4b8bda1d7b0\">\n.avia-image-container.av-lujh12jw-1159f458fc093dd921f0e4b8bda1d7b0 img.avia_image{\nbox-shadow:none;\n}\n.avia-image-container.av-lujh12jw-1159f458fc093dd921f0e4b8bda1d7b0 .av-image-caption-overlay-center{\ncolor:#ffffff;\n}\n<\/style>\n<div  class='avia-image-container av-lujh12jw-1159f458fc093dd921f0e4b8bda1d7b0 av-styling- avia-align-center  avia-builder-el-25  avia-builder-el-no-sibling'   itemprop=\"image\" itemscope=\"itemscope\" itemtype=\"https:\/\/schema.org\/ImageObject\" ><div class=\"avia-image-container-inner\"><div class=\"avia-image-overlay-wrap\"><img decoding=\"async\" fetchpriority=\"high\" class='wp-image-469 avia-img-lazy-loading-not-469 avia_image' src=\"https:\/\/tanzaniadmc.com\/wp-content\/uploads\/2024\/04\/Samburu.jpg\" alt='' title='xr:d:DAGAgcgvWPM:92,j:6116312010068488551,t:24040314'  height=\"1080\" width=\"1920\"  itemprop=\"thumbnailUrl\" srcset=\"https:\/\/tanzaniadmc.com\/wp-content\/uploads\/2024\/04\/Samburu.jpg 1920w, https:\/\/tanzaniadmc.com\/wp-content\/uploads\/2024\/04\/Samburu-300x169.jpg 300w, https:\/\/tanzaniadmc.com\/wp-content\/uploads\/2024\/04\/Samburu-1030x579.jpg 1030w, https:\/\/tanzaniadmc.com\/wp-content\/uploads\/2024\/04\/Samburu-768x432.jpg 768w, https:\/\/tanzaniadmc.com\/wp-content\/uploads\/2024\/04\/Samburu-1536x864.jpg 1536w, https:\/\/tanzaniadmc.com\/wp-content\/uploads\/2024\/04\/Samburu-18x10.jpg 18w, https:\/\/tanzaniadmc.com\/wp-content\/uploads\/2024\/04\/Samburu-1500x844.jpg 1500w, https:\/\/tanzaniadmc.com\/wp-content\/uploads\/2024\/04\/Samburu-705x397.jpg 705w\" sizes=\"(max-width: 1920px) 100vw, 1920px\" \/><\/div><\/div><\/div><\/div><\/p>\n<div  class='flex_column av-g877z-31245b5d800f1c78c1a992a4de09485c av_one_half  avia-builder-el-26  el_after_av_one_half  el_before_av_one_half  first flex_column_div  column-top-margin'     ><style type=\"text\/css\" data-created_by=\"avia_inline_auto\" id=\"style-css-av-lumkn3h6-ef794161d06c234e3d806ff044585760\">\n.avia-image-container.av-lumkn3h6-ef794161d06c234e3d806ff044585760 img.avia_image{\nbox-shadow:none;\n}\n.avia-image-container.av-lumkn3h6-ef794161d06c234e3d806ff044585760 .av-image-caption-overlay-center{\ncolor:#ffffff;\n}\n<\/style>\n<div  class='avia-image-container av-lumkn3h6-ef794161d06c234e3d806ff044585760 av-styling- avia-align-center  avia-builder-el-27  avia-builder-el-no-sibling'   itemprop=\"image\" itemscope=\"itemscope\" itemtype=\"https:\/\/schema.org\/ImageObject\" ><div class=\"avia-image-container-inner\"><div class=\"avia-image-overlay-wrap\"><img decoding=\"async\" fetchpriority=\"high\" class='wp-image-470 avia-img-lazy-loading-not-470 avia_image' src=\"https:\/\/tanzaniadmc.com\/wp-content\/uploads\/2024\/04\/Lake-Nakuru.jpg\" alt='' title='xr:d:DAGAgcgvWPM:94,j:8718266696779064906,t:24040314'  height=\"1080\" width=\"1920\"  itemprop=\"thumbnailUrl\" srcset=\"https:\/\/tanzaniadmc.com\/wp-content\/uploads\/2024\/04\/Lake-Nakuru.jpg 1920w, https:\/\/tanzaniadmc.com\/wp-content\/uploads\/2024\/04\/Lake-Nakuru-300x169.jpg 300w, https:\/\/tanzaniadmc.com\/wp-content\/uploads\/2024\/04\/Lake-Nakuru-1030x579.jpg 1030w, https:\/\/tanzaniadmc.com\/wp-content\/uploads\/2024\/04\/Lake-Nakuru-768x432.jpg 768w, https:\/\/tanzaniadmc.com\/wp-content\/uploads\/2024\/04\/Lake-Nakuru-1536x864.jpg 1536w, https:\/\/tanzaniadmc.com\/wp-content\/uploads\/2024\/04\/Lake-Nakuru-18x10.jpg 18w, https:\/\/tanzaniadmc.com\/wp-content\/uploads\/2024\/04\/Lake-Nakuru-1500x844.jpg 1500w, https:\/\/tanzaniadmc.com\/wp-content\/uploads\/2024\/04\/Lake-Nakuru-705x397.jpg 705w\" sizes=\"(max-width: 1920px) 100vw, 1920px\" \/><\/div><\/div><\/div><\/div>\n<div  class='flex_column av-9w3sv-f2172a4155c76135e2472171c7778567 av_one_half  avia-builder-el-28  el_after_av_one_half  avia-builder-el-last  flex_column_div av-animated-generic bottom-to-top  column-top-margin'     ><section  class='av_textblock_section av-lumkmmyb-80a33a81c74b5a71fdb3282f877ca97f'   itemscope=\"itemscope\" itemtype=\"https:\/\/schema.org\/CreativeWork\" ><div class='avia_textblock'  itemprop=\"text\" ><p style=\"text-align: justify;\"><strong><b>Lago Nakuru<\/b><\/strong><\/p>\n<p style=\"text-align: justify;\">En Kenia, el lago Nakuru emerge como un tesoro natural, hogar de una diversidad asombrosa de aves acu\u00e1ticas, incluyendo flamencos rosados que ti\u00f1en las aguas con su color vibrante. Adem\u00e1s de su fauna alada, el lago alberga rinocerontes blancos, entre otras especies, en sus orillas arboladas. Los safaris fotogr\u00e1ficos ofrecen la oportunidad de capturar la belleza de este santuario en im\u00e1genes memorables. Con sus puestas de sol sobre las aguas y sus paisajes esc\u00e9nicos, el lago Nakuru no solo encanta a los amantes de la naturaleza, sino que tambi\u00e9n deja una marca indeleble en el coraz\u00f3n de quienes lo visitan.<\/p>\n<p style=\"text-align: justify;\">\n<\/div><\/section><\/div>","protected":false},"excerpt":{"rendered":"","protected":false},"author":1,"featured_media":0,"parent":528,"menu_order":0,"comment_status":"closed","ping_status":"closed","template":"","meta":{"footnotes":""},"class_list":["post-463","page","type-page","status-publish","hentry"],"_links":{"self":[{"href":"https:\/\/tanzaniadmc.com\/es_es\/wp-json\/wp\/v2\/pages\/463","targetHints":{"allow":["GET"]}}],"collection":[{"href":"https:\/\/tanzaniadmc.com\/es_es\/wp-json\/wp\/v2\/pages"}],"about":[{"href":"https:\/\/tanzaniadmc.com\/es_es\/wp-json\/wp\/v2\/types\/page"}],"author":[{"embeddable":true,"href":"https:\/\/tanzaniadmc.com\/es_es\/wp-json\/wp\/v2\/users\/1"}],"replies":[{"embeddable":true,"href":"https:\/\/tanzaniadmc.com\/es_es\/wp-json\/wp\/v2\/comments?post=463"}],"version-history":[{"count":4,"href":"https:\/\/tanzaniadmc.com\/es_es\/wp-json\/wp\/v2\/pages\/463\/revisions"}],"predecessor-version":[{"id":832,"href":"https:\/\/tanzaniadmc.com\/es_es\/wp-json\/wp\/v2\/pages\/463\/revisions\/832"}],"up":[{"embeddable":true,"href":"https:\/\/tanzaniadmc.com\/es_es\/wp-json\/wp\/v2\/pages\/528"}],"wp:attachment":[{"href":"https:\/\/tanzaniadmc.com\/es_es\/wp-json\/wp\/v2\/media?parent=463"}],"curies":[{"name":"wp","href":"https:\/\/api.w.org\/{rel}","templated":true}]}}