{"id":459,"date":"2024-04-05T11:08:30","date_gmt":"2024-04-05T11:08:30","guid":{"rendered":"https:\/\/tanzaniadmc.com\/?page_id=459"},"modified":"2024-05-29T10:28:47","modified_gmt":"2024-05-29T10:28:47","slug":"destino-rwanda","status":"publish","type":"page","link":"https:\/\/tanzaniadmc.com\/es_es\/destinos\/destino-rwanda","title":{"rendered":"Destino Ruanda"},"content":{"rendered":"<style type=\"text\/css\" data-created_by=\"avia_inline_auto\" id=\"style-css-av-lu9lk2k4-ac7b6a5c076c5157325ec408fb265ef8\">\n#top .av-special-heading.av-lu9lk2k4-ac7b6a5c076c5157325ec408fb265ef8{\npadding-bottom:10px;\n}\nbody .av-special-heading.av-lu9lk2k4-ac7b6a5c076c5157325ec408fb265ef8 .av-special-heading-tag .heading-char{\nfont-size:25px;\n}\n.av-special-heading.av-lu9lk2k4-ac7b6a5c076c5157325ec408fb265ef8 .av-subheading{\nfont-size:15px;\n}\n<\/style>\n<div  class='av-special-heading av-lu9lk2k4-ac7b6a5c076c5157325ec408fb265ef8 av-special-heading-h1 blockquote modern-quote modern-centered  avia-builder-el-0  el_before_av_hr  avia-builder-el-first'><h1 class='av-special-heading-tag'  itemprop=\"headline\"  >Ruanda<\/h1><div class=\"special-heading-border\"><div class=\"special-heading-inner-border\"><\/div><\/div><\/div>\n\n<style type=\"text\/css\" data-created_by=\"avia_inline_auto\" id=\"style-css-av-lu9lkpgo-cb349d7f39e5d320bc469a78c8192c28\">\n#top .hr.av-lu9lkpgo-cb349d7f39e5d320bc469a78c8192c28{\nmargin-top:30px;\nmargin-bottom:30px;\n}\n.hr.av-lu9lkpgo-cb349d7f39e5d320bc469a78c8192c28 .hr-inner{\nwidth:50px;\nborder-color:#7c9162;\n}\n<\/style>\n<div  class='hr av-lu9lkpgo-cb349d7f39e5d320bc469a78c8192c28 hr-custom  avia-builder-el-1  el_after_av_heading  el_before_av_textblock  hr-center hr-icon-no'><span class='hr-inner inner-border-av-border-fat'><span class=\"hr-inner-style\"><\/span><\/span><\/div>\n<section  class='av_textblock_section av-lumk2zgz-962f95d8b16136e7f4b6c13118de0ec7'   itemscope=\"itemscope\" itemtype=\"https:\/\/schema.org\/CreativeWork\" ><div class='avia_textblock'  itemprop=\"text\" ><p style=\"text-align: justify;\">Ruanda es una tierra adornada con mil colinas, cada una ocultando una historia de resiliencia y transformaci\u00f3n. Su capital, Kigali, late con los ritmos de la modernidad, pero ecos de su turbulento pasado persisten en las calles, un testimonio del viaje de la naci\u00f3n desde la tragedia hasta el triunfo. Entre sus joyas m\u00e1s preciadas se encuentra el Parque Nacional de los Volcanes, un santuario donde los enigm\u00e1ticos gorilas de monta\u00f1a encuentran refugio entre picos envueltos en neblina. Las tranquilas aguas del lago Kivu susurran cuentos de serenidad y aventura, mientras la solemnidad del Memorial del Genocidio en Kigali da fe del esp\u00edritu inquebrantable de recuerdo y reconciliaci\u00f3n de Ruanda. En Ruanda, entre colinas y valles, se encuentra un tapiz de la resiliencia humana y la belleza perdurable del alma africana.<\/p>\n<\/div><\/section>\n\n<style type=\"text\/css\" data-created_by=\"avia_inline_auto\" id=\"style-css-av-2dv55d-145646d081c6e5683131f8741eefb478\">\n#top .hr.hr-invisible.av-2dv55d-145646d081c6e5683131f8741eefb478{\nheight:50px;\n}\n<\/style>\n<div  class='hr av-2dv55d-145646d081c6e5683131f8741eefb478 hr-invisible  avia-builder-el-3  el_after_av_textblock  el_before_av_image'><span class='hr-inner'><span class=\"hr-inner-style\"><\/span><\/span><\/div>\n\n<style type=\"text\/css\" data-created_by=\"avia_inline_auto\" id=\"style-css-av-lu9lm5me-09541d2a087982e415822bbb882a59b9\">\n.avia-image-container.av-lu9lm5me-09541d2a087982e415822bbb882a59b9 img.avia_image{\nbox-shadow:none;\n}\n.avia-image-container.av-lu9lm5me-09541d2a087982e415822bbb882a59b9 .av-image-caption-overlay-center{\ncolor:#ffffff;\n}\n<\/style>\n<div  class='avia-image-container av-lu9lm5me-09541d2a087982e415822bbb882a59b9 av-styling- avia_animated_image av-animated-when-visible-95 fade-in avia-align-center  avia-builder-el-4  el_after_av_hr  el_before_av_hr'   itemprop=\"image\" itemscope=\"itemscope\" itemtype=\"https:\/\/schema.org\/ImageObject\" ><div class=\"avia-image-container-inner\"><div class=\"avia-image-overlay-wrap\"><img decoding=\"async\" fetchpriority=\"high\" class='wp-image-625 avia-img-lazy-loading-not-625 avia_image' src=\"https:\/\/tanzaniadmc.com\/wp-content\/uploads\/2024\/04\/RWANDA-2.jpg\" alt='' title='xr:d:DAGAgcgvWPM:175,j:6896561461400101522,t:24041112'  height=\"1080\" width=\"1920\"  itemprop=\"thumbnailUrl\" srcset=\"https:\/\/tanzaniadmc.com\/wp-content\/uploads\/2024\/04\/RWANDA-2.jpg 1920w, https:\/\/tanzaniadmc.com\/wp-content\/uploads\/2024\/04\/RWANDA-2-300x169.jpg 300w, https:\/\/tanzaniadmc.com\/wp-content\/uploads\/2024\/04\/RWANDA-2-1030x579.jpg 1030w, https:\/\/tanzaniadmc.com\/wp-content\/uploads\/2024\/04\/RWANDA-2-768x432.jpg 768w, https:\/\/tanzaniadmc.com\/wp-content\/uploads\/2024\/04\/RWANDA-2-1536x864.jpg 1536w, https:\/\/tanzaniadmc.com\/wp-content\/uploads\/2024\/04\/RWANDA-2-18x10.jpg 18w, https:\/\/tanzaniadmc.com\/wp-content\/uploads\/2024\/04\/RWANDA-2-1500x844.jpg 1500w, https:\/\/tanzaniadmc.com\/wp-content\/uploads\/2024\/04\/RWANDA-2-705x397.jpg 705w\" sizes=\"(max-width: 1920px) 100vw, 1920px\" \/><\/div><\/div><\/div>\n\n<style type=\"text\/css\" data-created_by=\"avia_inline_auto\" id=\"style-css-av-6tt43-f6cc36ee767df9b4ace72def9bead0ce\">\n#top .hr.hr-invisible.av-6tt43-f6cc36ee767df9b4ace72def9bead0ce{\nheight:50px;\n}\n<\/style>\n<div  class='hr av-6tt43-f6cc36ee767df9b4ace72def9bead0ce hr-invisible  avia-builder-el-5  el_after_av_image  el_before_av_one_half'><span class='hr-inner'><span class=\"hr-inner-style\"><\/span><\/span><\/div>\n<div  class='flex_column av-26hkyp-db938593766ae8448ce02e792d7f9191 av_one_half  avia-builder-el-6  el_after_av_hr  el_before_av_one_half  first flex_column_div av-animated-generic bottom-to-top'     ><section  class='av_textblock_section av-lui2ug62-e27e4967c8999f773b319b6f5fe73f11'   itemscope=\"itemscope\" itemtype=\"https:\/\/schema.org\/CreativeWork\" ><div class='avia_textblock'  itemprop=\"text\" ><p style=\"text-align: justify;\"><strong><b>Parque Nacional de los volcanes<\/b><\/strong><\/p>\n<p style=\"text-align: justify;\">En el norte del pa\u00eds yace un santuario natural de singular esplendor: el Parque Nacional de los Volcanes en Ruanda. Extendiendo sus dominios sobre 160 kil\u00f3metros cuadrados, este remanso de vida salvaje resguarda con celo una poblaci\u00f3n de gorilas de monta\u00f1a, cuya existencia pende de un hilo en la telara\u00f1a de la extinci\u00f3n. Mas no es solo el reino de los gorilas lo que cautiva en este rinc\u00f3n selv\u00e1tico; su vasta biodiversidad, albergando primates, aves y mam\u00edferos de las m\u00e1s variadas especies, revela un tapiz viviente de la naturaleza en su estado m\u00e1s pr\u00edstino. Adentrarse en sus colinas cubiertas de frondosa vegetaci\u00f3n es entregarse a una experiencia trascendental, donde el alma humana se encuentra con la majestuosidad indomable de la tierra africana.<\/p>\n<p style=\"text-align: justify;\">\n<p style=\"text-align: justify;\"><span style=\"color: #888888;\">\u00a0<\/span><\/p>\n<\/div><\/section><\/div><div  class='flex_column av-20zfh5-9c38ad45e7cec787d80428fed38a67d9 av_one_half  avia-builder-el-8  el_after_av_one_half  avia-builder-el-last  flex_column_div av-animated-generic fade-in'     ><style type=\"text\/css\" data-created_by=\"avia_inline_auto\" id=\"style-css-av-lujgywj8-b163a6c6fa6ff4db1502d0bf83179451\">\n.avia-image-container.av-lujgywj8-b163a6c6fa6ff4db1502d0bf83179451 img.avia_image{\nbox-shadow:none;\n}\n.avia-image-container.av-lujgywj8-b163a6c6fa6ff4db1502d0bf83179451 .av-image-caption-overlay-center{\ncolor:#ffffff;\n}\n<\/style>\n<div  class='avia-image-container av-lujgywj8-b163a6c6fa6ff4db1502d0bf83179451 av-styling- avia-align-center  avia-builder-el-9  avia-builder-el-no-sibling'   itemprop=\"image\" itemscope=\"itemscope\" itemtype=\"https:\/\/schema.org\/ImageObject\" ><div class=\"avia-image-container-inner\"><div class=\"avia-image-overlay-wrap\"><img decoding=\"async\" fetchpriority=\"high\" class='wp-image-461 avia-img-lazy-loading-not-461 avia_image' src=\"https:\/\/tanzaniadmc.com\/wp-content\/uploads\/2024\/04\/Volcanoes-National-Park.jpg\" alt='' title='xr:d:DAGAgcgvWPM:82,j:4851926411742039796,t:24040313'  height=\"1080\" width=\"1920\"  itemprop=\"thumbnailUrl\" srcset=\"https:\/\/tanzaniadmc.com\/wp-content\/uploads\/2024\/04\/Volcanoes-National-Park.jpg 1920w, https:\/\/tanzaniadmc.com\/wp-content\/uploads\/2024\/04\/Volcanoes-National-Park-300x169.jpg 300w, https:\/\/tanzaniadmc.com\/wp-content\/uploads\/2024\/04\/Volcanoes-National-Park-1030x579.jpg 1030w, https:\/\/tanzaniadmc.com\/wp-content\/uploads\/2024\/04\/Volcanoes-National-Park-768x432.jpg 768w, https:\/\/tanzaniadmc.com\/wp-content\/uploads\/2024\/04\/Volcanoes-National-Park-1536x864.jpg 1536w, https:\/\/tanzaniadmc.com\/wp-content\/uploads\/2024\/04\/Volcanoes-National-Park-18x10.jpg 18w, https:\/\/tanzaniadmc.com\/wp-content\/uploads\/2024\/04\/Volcanoes-National-Park-1500x844.jpg 1500w, https:\/\/tanzaniadmc.com\/wp-content\/uploads\/2024\/04\/Volcanoes-National-Park-705x397.jpg 705w\" sizes=\"(max-width: 1920px) 100vw, 1920px\" \/><\/div><\/div><\/div><\/div><\/p>","protected":false},"excerpt":{"rendered":"","protected":false},"author":1,"featured_media":0,"parent":528,"menu_order":0,"comment_status":"closed","ping_status":"closed","template":"","meta":{"footnotes":""},"class_list":["post-459","page","type-page","status-publish","hentry"],"_links":{"self":[{"href":"https:\/\/tanzaniadmc.com\/es_es\/wp-json\/wp\/v2\/pages\/459","targetHints":{"allow":["GET"]}}],"collection":[{"href":"https:\/\/tanzaniadmc.com\/es_es\/wp-json\/wp\/v2\/pages"}],"about":[{"href":"https:\/\/tanzaniadmc.com\/es_es\/wp-json\/wp\/v2\/types\/page"}],"author":[{"embeddable":true,"href":"https:\/\/tanzaniadmc.com\/es_es\/wp-json\/wp\/v2\/users\/1"}],"replies":[{"embeddable":true,"href":"https:\/\/tanzaniadmc.com\/es_es\/wp-json\/wp\/v2\/comments?post=459"}],"version-history":[{"count":5,"href":"https:\/\/tanzaniadmc.com\/es_es\/wp-json\/wp\/v2\/pages\/459\/revisions"}],"predecessor-version":[{"id":836,"href":"https:\/\/tanzaniadmc.com\/es_es\/wp-json\/wp\/v2\/pages\/459\/revisions\/836"}],"up":[{"embeddable":true,"href":"https:\/\/tanzaniadmc.com\/es_es\/wp-json\/wp\/v2\/pages\/528"}],"wp:attachment":[{"href":"https:\/\/tanzaniadmc.com\/es_es\/wp-json\/wp\/v2\/media?parent=459"}],"curies":[{"name":"wp","href":"https:\/\/api.w.org\/{rel}","templated":true}]}}