{"id":451,"date":"2024-04-05T11:05:33","date_gmt":"2024-04-05T11:05:33","guid":{"rendered":"https:\/\/tanzaniadmc.com\/?page_id=451"},"modified":"2024-05-30T07:36:25","modified_gmt":"2024-05-30T07:36:25","slug":"destino-uganda","status":"publish","type":"page","link":"https:\/\/tanzaniadmc.com\/es_es\/destinos\/destino-uganda","title":{"rendered":"Destino Uganda"},"content":{"rendered":"<style type=\"text\/css\" data-created_by=\"avia_inline_auto\" id=\"style-css-av-lu9lk2k4-0ebe237868c4d84ff119bb9a0bc46515\">\n#top .av-special-heading.av-lu9lk2k4-0ebe237868c4d84ff119bb9a0bc46515{\npadding-bottom:10px;\n}\nbody .av-special-heading.av-lu9lk2k4-0ebe237868c4d84ff119bb9a0bc46515 .av-special-heading-tag .heading-char{\nfont-size:25px;\n}\n.av-special-heading.av-lu9lk2k4-0ebe237868c4d84ff119bb9a0bc46515 .av-subheading{\nfont-size:15px;\n}\n<\/style>\n<div  class='av-special-heading av-lu9lk2k4-0ebe237868c4d84ff119bb9a0bc46515 av-special-heading-h1 blockquote modern-quote modern-centered  avia-builder-el-0  el_before_av_hr  avia-builder-el-first'><h1 class='av-special-heading-tag'  itemprop=\"headline\"  >Uganda<\/h1><div class=\"special-heading-border\"><div class=\"special-heading-inner-border\"><\/div><\/div><\/div>\n\n<style type=\"text\/css\" data-created_by=\"avia_inline_auto\" id=\"style-css-av-lu9lkpgo-cb349d7f39e5d320bc469a78c8192c28\">\n#top .hr.av-lu9lkpgo-cb349d7f39e5d320bc469a78c8192c28{\nmargin-top:30px;\nmargin-bottom:30px;\n}\n.hr.av-lu9lkpgo-cb349d7f39e5d320bc469a78c8192c28 .hr-inner{\nwidth:50px;\nborder-color:#7c9162;\n}\n<\/style>\n<div  class='hr av-lu9lkpgo-cb349d7f39e5d320bc469a78c8192c28 hr-custom  avia-builder-el-1  el_after_av_heading  el_before_av_textblock  hr-center hr-icon-no'><span class='hr-inner inner-border-av-border-fat'><span class=\"hr-inner-style\"><\/span><\/span><\/div>\n<section  class='av_textblock_section av-lumk2zgz-962f95d8b16136e7f4b6c13118de0ec7'   itemscope=\"itemscope\" itemtype=\"https:\/\/schema.org\/CreativeWork\" ><div class='avia_textblock'  itemprop=\"text\" ><p style=\"text-align: justify;\">En el territorio de \u00c1frica oriental, se encuentra Uganda, una naci\u00f3n que se erige como la \"Perla de \u00c1frica\". En su capital, Kampala, la vida bulle con una intensidad propia del continente, mientras el imponente Lago Victoria brinda un remanso de calma en medio de la agitaci\u00f3n. Los Parques Nacionales Murchison Falls y Queen Elizabeth despliegan la majestuosidad de la fauna africana en su estado m\u00e1s salvaje, donde elefantes y leones reinan supremos. Las monta\u00f1as Rwenzori y los gorilas de monta\u00f1a en el Parque Nacional de Bwindi nos invitan a explorar la diversidad de paisajes y vida silvestre que caracteriza a esta tierra. En Uganda, cada rinc\u00f3n ofrece un relato fascinante, una ventana a la riqueza insondable del continente africano.<\/p>\n<\/div><\/section>\n\n<style type=\"text\/css\" data-created_by=\"avia_inline_auto\" id=\"style-css-av-2dv55d-145646d081c6e5683131f8741eefb478\">\n#top .hr.hr-invisible.av-2dv55d-145646d081c6e5683131f8741eefb478{\nheight:50px;\n}\n<\/style>\n<div  class='hr av-2dv55d-145646d081c6e5683131f8741eefb478 hr-invisible  avia-builder-el-3  el_after_av_textblock  el_before_av_image'><span class='hr-inner'><span class=\"hr-inner-style\"><\/span><\/span><\/div>\n\n<style type=\"text\/css\" data-created_by=\"avia_inline_auto\" id=\"style-css-av-lu9lm5me-15aa9425731ce40d61f82fe945c548a4\">\n.avia-image-container.av-lu9lm5me-15aa9425731ce40d61f82fe945c548a4 img.avia_image{\nbox-shadow:none;\n}\n.avia-image-container.av-lu9lm5me-15aa9425731ce40d61f82fe945c548a4 .av-image-caption-overlay-center{\ncolor:#ffffff;\n}\n<\/style>\n<div  class='avia-image-container av-lu9lm5me-15aa9425731ce40d61f82fe945c548a4 av-styling- avia_animated_image av-animated-when-visible-95 fade-in avia-align-center  avia-builder-el-4  el_after_av_hr  el_before_av_hr'   itemprop=\"image\" itemscope=\"itemscope\" itemtype=\"https:\/\/schema.org\/ImageObject\" ><div class=\"avia-image-container-inner\"><div class=\"avia-image-overlay-wrap\"><img decoding=\"async\" fetchpriority=\"high\" class='wp-image-452 avia-img-lazy-loading-not-452 avia_image' src=\"https:\/\/tanzaniadmc.com\/wp-content\/uploads\/2024\/04\/DESTINOS-UGANDA.jpg\" alt='' title='DESTINOS UGANDA'  height=\"1080\" width=\"1920\"  itemprop=\"thumbnailUrl\" srcset=\"https:\/\/tanzaniadmc.com\/wp-content\/uploads\/2024\/04\/DESTINOS-UGANDA.jpg 1920w, https:\/\/tanzaniadmc.com\/wp-content\/uploads\/2024\/04\/DESTINOS-UGANDA-300x169.jpg 300w, https:\/\/tanzaniadmc.com\/wp-content\/uploads\/2024\/04\/DESTINOS-UGANDA-1030x579.jpg 1030w, https:\/\/tanzaniadmc.com\/wp-content\/uploads\/2024\/04\/DESTINOS-UGANDA-768x432.jpg 768w, https:\/\/tanzaniadmc.com\/wp-content\/uploads\/2024\/04\/DESTINOS-UGANDA-1536x864.jpg 1536w, https:\/\/tanzaniadmc.com\/wp-content\/uploads\/2024\/04\/DESTINOS-UGANDA-18x10.jpg 18w, https:\/\/tanzaniadmc.com\/wp-content\/uploads\/2024\/04\/DESTINOS-UGANDA-1500x844.jpg 1500w, https:\/\/tanzaniadmc.com\/wp-content\/uploads\/2024\/04\/DESTINOS-UGANDA-705x397.jpg 705w\" sizes=\"(max-width: 1920px) 100vw, 1920px\" \/><\/div><\/div><\/div>\n\n<style type=\"text\/css\" data-created_by=\"avia_inline_auto\" id=\"style-css-av-6tt43-f6cc36ee767df9b4ace72def9bead0ce\">\n#top .hr.hr-invisible.av-6tt43-f6cc36ee767df9b4ace72def9bead0ce{\nheight:50px;\n}\n<\/style>\n<div  class='hr av-6tt43-f6cc36ee767df9b4ace72def9bead0ce hr-invisible  avia-builder-el-5  el_after_av_image  el_before_av_one_half'><span class='hr-inner'><span class=\"hr-inner-style\"><\/span><\/span><\/div>\n<div  class='flex_column av-26hkyp-db938593766ae8448ce02e792d7f9191 av_one_half  avia-builder-el-6  el_after_av_hr  el_before_av_one_half  first flex_column_div av-animated-generic bottom-to-top'     ><section  class='av_textblock_section av-lui2ug62-e27e4967c8999f773b319b6f5fe73f11'   itemscope=\"itemscope\" itemtype=\"https:\/\/schema.org\/CreativeWork\" ><div class='avia_textblock'  itemprop=\"text\" ><p style=\"text-align: justify;\"><strong>Entebbe<\/strong><\/p>\n<p style=\"text-align: justify;\">En la costa de Uganda se yergue Entebbe, una perla colonial que cautiva con su elegancia sosegada. Bordeada por las aguas serenas del lago Victoria, esta ciudad lacustre despliega una s\u00edntesis \u00fanica de historia, naturaleza y cultura. Sus Jardines Bot\u00e1nicos, con su verdor exuberante y su rica variedad bot\u00e1nica, ofrecen un refugio sereno para los amantes de la naturaleza. En la Isla Ngamba, santuario de los chimpanc\u00e9s, se despliega un encuentro \u00edntimo con estos primates en su h\u00e1bitat natural. Mientras tanto, las playas del lago Victoria invitan al reposo y la reflexi\u00f3n, completando as\u00ed la experiencia \u00fanica que Entebbe brinda a los viajeros que se aventuran en sus dominios. En Entebbe, entre el susurro de las olas y la brisa suave, se encuentra un rinc\u00f3n de paz en medio del bullicio del mundo.<\/p>\n<p style=\"text-align: justify;\"><span style=\"color: #888888;\">\u00a0<\/span><\/p>\n<\/div><\/section><\/div><div  class='flex_column av-20zfh5-9c38ad45e7cec787d80428fed38a67d9 av_one_half  avia-builder-el-8  el_after_av_one_half  el_before_av_one_half  flex_column_div av-animated-generic fade-in'     ><style type=\"text\/css\" data-created_by=\"avia_inline_auto\" id=\"style-css-av-lujgywj8-52cba81f94cc5f37a8d7647d440a0c7d\">\n.avia-image-container.av-lujgywj8-52cba81f94cc5f37a8d7647d440a0c7d img.avia_image{\nbox-shadow:none;\n}\n.avia-image-container.av-lujgywj8-52cba81f94cc5f37a8d7647d440a0c7d .av-image-caption-overlay-center{\ncolor:#ffffff;\n}\n<\/style>\n<div  class='avia-image-container av-lujgywj8-52cba81f94cc5f37a8d7647d440a0c7d av-styling- avia-align-center  avia-builder-el-9  avia-builder-el-no-sibling'   itemprop=\"image\" itemscope=\"itemscope\" itemtype=\"https:\/\/schema.org\/ImageObject\" ><div class=\"avia-image-container-inner\"><div class=\"avia-image-overlay-wrap\"><img decoding=\"async\" fetchpriority=\"high\" class='wp-image-453 avia-img-lazy-loading-not-453 avia_image' src=\"https:\/\/tanzaniadmc.com\/wp-content\/uploads\/2024\/04\/Entebbe.jpg\" alt='' title='Entebbe'  height=\"1080\" width=\"1920\"  itemprop=\"thumbnailUrl\" srcset=\"https:\/\/tanzaniadmc.com\/wp-content\/uploads\/2024\/04\/Entebbe.jpg 1920w, https:\/\/tanzaniadmc.com\/wp-content\/uploads\/2024\/04\/Entebbe-300x169.jpg 300w, https:\/\/tanzaniadmc.com\/wp-content\/uploads\/2024\/04\/Entebbe-1030x579.jpg 1030w, https:\/\/tanzaniadmc.com\/wp-content\/uploads\/2024\/04\/Entebbe-768x432.jpg 768w, https:\/\/tanzaniadmc.com\/wp-content\/uploads\/2024\/04\/Entebbe-1536x864.jpg 1536w, https:\/\/tanzaniadmc.com\/wp-content\/uploads\/2024\/04\/Entebbe-18x10.jpg 18w, https:\/\/tanzaniadmc.com\/wp-content\/uploads\/2024\/04\/Entebbe-1500x844.jpg 1500w, https:\/\/tanzaniadmc.com\/wp-content\/uploads\/2024\/04\/Entebbe-705x397.jpg 705w\" sizes=\"(max-width: 1920px) 100vw, 1920px\" \/><\/div><\/div><\/div><\/div><\/p>\n<div  class='flex_column av-1xdlv5-91e76f52792987000dd0ff839e9055e5 av_one_half  avia-builder-el-10  el_after_av_one_half  el_before_av_one_half  first flex_column_div  column-top-margin'     ><style type=\"text\/css\" data-created_by=\"avia_inline_auto\" id=\"style-css-av-lujgzfgy-cdfd78fd0a1563c912fbbf7df6c8d346\">\n.avia-image-container.av-lujgzfgy-cdfd78fd0a1563c912fbbf7df6c8d346 img.avia_image{\nbox-shadow:none;\n}\n.avia-image-container.av-lujgzfgy-cdfd78fd0a1563c912fbbf7df6c8d346 .av-image-caption-overlay-center{\ncolor:#ffffff;\n}\n<\/style>\n<div  class='avia-image-container av-lujgzfgy-cdfd78fd0a1563c912fbbf7df6c8d346 av-styling- avia-align-center  avia-builder-el-11  avia-builder-el-no-sibling'   itemprop=\"image\" itemscope=\"itemscope\" itemtype=\"https:\/\/schema.org\/ImageObject\" ><div class=\"avia-image-container-inner\"><div class=\"avia-image-overlay-wrap\"><img decoding=\"async\" fetchpriority=\"high\" class='wp-image-454 avia-img-lazy-loading-not-454 avia_image' src=\"https:\/\/tanzaniadmc.com\/wp-content\/uploads\/2024\/04\/Bwindi.jpg\" alt='' title='Bwindi'  height=\"1080\" width=\"1920\"  itemprop=\"thumbnailUrl\" srcset=\"https:\/\/tanzaniadmc.com\/wp-content\/uploads\/2024\/04\/Bwindi.jpg 1920w, https:\/\/tanzaniadmc.com\/wp-content\/uploads\/2024\/04\/Bwindi-300x169.jpg 300w, https:\/\/tanzaniadmc.com\/wp-content\/uploads\/2024\/04\/Bwindi-1030x579.jpg 1030w, https:\/\/tanzaniadmc.com\/wp-content\/uploads\/2024\/04\/Bwindi-768x432.jpg 768w, https:\/\/tanzaniadmc.com\/wp-content\/uploads\/2024\/04\/Bwindi-1536x864.jpg 1536w, https:\/\/tanzaniadmc.com\/wp-content\/uploads\/2024\/04\/Bwindi-18x10.jpg 18w, https:\/\/tanzaniadmc.com\/wp-content\/uploads\/2024\/04\/Bwindi-1500x844.jpg 1500w, https:\/\/tanzaniadmc.com\/wp-content\/uploads\/2024\/04\/Bwindi-705x397.jpg 705w\" sizes=\"(max-width: 1920px) 100vw, 1920px\" \/><\/div><\/div><\/div><\/div>\n<div  class='flex_column av-1qi9jl-75b0fd4a9a5fa91e0873f9cf01a3340b av_one_half  avia-builder-el-12  el_after_av_one_half  el_before_av_one_half  flex_column_div av-animated-generic bottom-to-top  column-top-margin'     ><section  class='av_textblock_section av-lui2vk2a-af4574139f887c3a6546c86916f20188'   itemscope=\"itemscope\" itemtype=\"https:\/\/schema.org\/CreativeWork\" ><div class='avia_textblock'  itemprop=\"text\" ><p style=\"text-align: justify;\"><b>Parque Nacional de Bwindi<\/b><\/p>\n<p style=\"text-align: justify;\">En las profundidades de Uganda yace el Parque Nacional de Bwindi, un santuario de la vida salvaje que sirve como refugio sagrado para los gorilas de monta\u00f1a, una especie en peligro cr\u00edtico. Sus selvas densas y exuberantes, testigos de la mitad de la poblaci\u00f3n mundial de estos primates majestuosos, ofrecen un escenario de encuentros conmovedores y \u00fanicos. Las excursiones organizadas por el parque gu\u00edan a los aventureros hacia estas criaturas fascinantes, mientras que los senderos de trekking serpentean a trav\u00e9s de paisajes monta\u00f1osos impresionantes, revelando la riqueza natural de la regi\u00f3n. Adem\u00e1s, las comunidades locales ofrecen una mirada \u00edntima a la cultura y la vida cotidiana de Uganda, enriqueciendo as\u00ed la experiencia de los visitantes.<\/p>\n<\/div><\/section><\/div><div  class='flex_column av-1igzyp-811704bd2b9d1d371cffd1367c46137a av_one_half  avia-builder-el-14  el_after_av_one_half  el_before_av_one_half  first flex_column_div av-animated-generic bottom-to-top  column-top-margin'     ><section  class='av_textblock_section av-lui2w2fe-0cc79b15e5da3eb3bd5dde803d569c83'   itemscope=\"itemscope\" itemtype=\"https:\/\/schema.org\/CreativeWork\" ><div class='avia_textblock'  itemprop=\"text\" ><p style=\"text-align: justify;\"><strong><b>Parque Nacional de las Cataratas Murchison<\/b><\/strong><\/p>\n<p style=\"text-align: justify;\">En lo profundo de Uganda se encuentra el Parque Nacional de las Cataratas Murchison, un monumento a la magnificencia salvaje de la naturaleza. En su n\u00facleo, el poderoso r\u00edo Nilo se abre paso con ferocidad, esculpiendo su camino a trav\u00e9s de una angosta garganta para dar vida a las impresionantes Cataratas Murchison, un espect\u00e1culo que sobrecoge con su poder\u00edo indomable. Este santuario alberga una rica diversidad de vida salvaje: elefantes, jirafas, leones, aves coloridas y m\u00e1s, todos coexistiendo en un equilibrio delicado. Los safaris en barco por el Nilo ofrecen un vistazo \u00edntimo a esta fauna abundante, mientras que las excursiones terrestres prometen encuentros emocionantes con la vida en su forma m\u00e1s pura. En el Parque Nacional de las Cataratas Murchison, la naturaleza revela su grandeza en toda su gloria indomable.<\/p>\n<p style=\"text-align: justify;\">\n<\/div><\/section><\/div><div  class='flex_column av-1gyopt-12a28e14faf387dffb90a27de268f36d av_one_half  avia-builder-el-16  el_after_av_one_half  el_before_av_one_half  flex_column_div  column-top-margin'     ><style type=\"text\/css\" data-created_by=\"avia_inline_auto\" id=\"style-css-av-lujgzxlu-f337b1490fc088c21c7e88291d49caa6\">\n.avia-image-container.av-lujgzxlu-f337b1490fc088c21c7e88291d49caa6 img.avia_image{\nbox-shadow:none;\n}\n.avia-image-container.av-lujgzxlu-f337b1490fc088c21c7e88291d49caa6 .av-image-caption-overlay-center{\ncolor:#ffffff;\n}\n<\/style>\n<div  class='avia-image-container av-lujgzxlu-f337b1490fc088c21c7e88291d49caa6 av-styling- avia-align-center  avia-builder-el-17  avia-builder-el-no-sibling'   itemprop=\"image\" itemscope=\"itemscope\" itemtype=\"https:\/\/schema.org\/ImageObject\" ><div class=\"avia-image-container-inner\"><div class=\"avia-image-overlay-wrap\"><img decoding=\"async\" fetchpriority=\"high\" class='wp-image-455 avia-img-lazy-loading-not-455 avia_image' src=\"https:\/\/tanzaniadmc.com\/wp-content\/uploads\/2024\/04\/Murchison-Falls.jpg\" alt='' title='Murchison Falls'  height=\"1080\" width=\"1920\"  itemprop=\"thumbnailUrl\" srcset=\"https:\/\/tanzaniadmc.com\/wp-content\/uploads\/2024\/04\/Murchison-Falls.jpg 1920w, https:\/\/tanzaniadmc.com\/wp-content\/uploads\/2024\/04\/Murchison-Falls-300x169.jpg 300w, https:\/\/tanzaniadmc.com\/wp-content\/uploads\/2024\/04\/Murchison-Falls-1030x579.jpg 1030w, https:\/\/tanzaniadmc.com\/wp-content\/uploads\/2024\/04\/Murchison-Falls-768x432.jpg 768w, https:\/\/tanzaniadmc.com\/wp-content\/uploads\/2024\/04\/Murchison-Falls-1536x864.jpg 1536w, https:\/\/tanzaniadmc.com\/wp-content\/uploads\/2024\/04\/Murchison-Falls-18x10.jpg 18w, https:\/\/tanzaniadmc.com\/wp-content\/uploads\/2024\/04\/Murchison-Falls-1500x844.jpg 1500w, https:\/\/tanzaniadmc.com\/wp-content\/uploads\/2024\/04\/Murchison-Falls-705x397.jpg 705w\" sizes=\"(max-width: 1920px) 100vw, 1920px\" \/><\/div><\/div><\/div><\/div><\/p>\n<div  class='flex_column av-183s09-b2c73bbf6b43d03f7af3abb36ec80919 av_one_half  avia-builder-el-18  el_after_av_one_half  el_before_av_one_half  first flex_column_div  column-top-margin'     ><style type=\"text\/css\" data-created_by=\"avia_inline_auto\" id=\"style-css-av-lujh0jdu-dc2d0ce3aba5d7940b24cc6571dc6141\">\n.avia-image-container.av-lujh0jdu-dc2d0ce3aba5d7940b24cc6571dc6141 img.avia_image{\nbox-shadow:none;\n}\n.avia-image-container.av-lujh0jdu-dc2d0ce3aba5d7940b24cc6571dc6141 .av-image-caption-overlay-center{\ncolor:#ffffff;\n}\n<\/style>\n<div  class='avia-image-container av-lujh0jdu-dc2d0ce3aba5d7940b24cc6571dc6141 av-styling- avia-align-center  avia-builder-el-19  avia-builder-el-no-sibling'   itemprop=\"image\" itemscope=\"itemscope\" itemtype=\"https:\/\/schema.org\/ImageObject\" ><div class=\"avia-image-container-inner\"><div class=\"avia-image-overlay-wrap\"><img decoding=\"async\" fetchpriority=\"high\" class='wp-image-456 avia-img-lazy-loading-not-456 avia_image' src=\"https:\/\/tanzaniadmc.com\/wp-content\/uploads\/2024\/04\/Kibale-Forest.jpg\" alt='' title='Kibale Forest'  height=\"1080\" width=\"1920\"  itemprop=\"thumbnailUrl\" srcset=\"https:\/\/tanzaniadmc.com\/wp-content\/uploads\/2024\/04\/Kibale-Forest.jpg 1920w, https:\/\/tanzaniadmc.com\/wp-content\/uploads\/2024\/04\/Kibale-Forest-300x169.jpg 300w, https:\/\/tanzaniadmc.com\/wp-content\/uploads\/2024\/04\/Kibale-Forest-1030x579.jpg 1030w, https:\/\/tanzaniadmc.com\/wp-content\/uploads\/2024\/04\/Kibale-Forest-768x432.jpg 768w, https:\/\/tanzaniadmc.com\/wp-content\/uploads\/2024\/04\/Kibale-Forest-1536x864.jpg 1536w, https:\/\/tanzaniadmc.com\/wp-content\/uploads\/2024\/04\/Kibale-Forest-18x10.jpg 18w, https:\/\/tanzaniadmc.com\/wp-content\/uploads\/2024\/04\/Kibale-Forest-1500x844.jpg 1500w, https:\/\/tanzaniadmc.com\/wp-content\/uploads\/2024\/04\/Kibale-Forest-705x397.jpg 705w\" sizes=\"(max-width: 1920px) 100vw, 1920px\" \/><\/div><\/div><\/div><\/div>\n<div  class='flex_column av-z93s9-ac5fb7a5f99417416ad8deeb06ef0fd0 av_one_half  avia-builder-el-20  el_after_av_one_half  el_before_av_one_half  flex_column_div av-animated-generic bottom-to-top  column-top-margin'     ><section  class='av_textblock_section av-14upi1-a1feb31476d393388df954d4f3d09de8'   itemscope=\"itemscope\" itemtype=\"https:\/\/schema.org\/CreativeWork\" ><div class='avia_textblock'  itemprop=\"text\" ><p style=\"text-align: justify;\"><b>Parque Nacional de Kibale<\/b><\/p>\n<p style=\"text-align: justify;\">En la vastedad de Uganda, emerge el Parque Nacional de Kibale Forest, un refugio de misterio y maravilla en la selva tropical. Aqu\u00ed, entre la espesura de la vegetaci\u00f3n y el murmullo de los arroyos, se despliega un universo de biodiversidad sin igual. Chimpanc\u00e9s \u00e1giles y colobos rojos imponentes comparten este reino verde en un equilibrio ancestral. Los senderos serpenteantes entre \u00e1rboles centenarios invitan al viajero a adentrarse en la esencia misma de la selva africana. Cada paso es una aventura, cada encuentro, una experiencia \u00fanica e inolvidable, donde la vida salvaje late con una energ\u00eda primitiva e inquebrantable.<\/p>\n<\/div><\/section><\/div><div  class='flex_column av-jajdd-f2e7888ee75d032d3c208896c8f69a18 av_one_half  avia-builder-el-22  el_after_av_one_half  el_before_av_one_half  first flex_column_div av-animated-generic bottom-to-top  column-top-margin'     ><section  class='av_textblock_section av-2hq81-35819ffe1d9e284e9e20812d2b25f644'   itemscope=\"itemscope\" itemtype=\"https:\/\/schema.org\/CreativeWork\" ><div class='avia_textblock'  itemprop=\"text\" ><p style=\"text-align: justify;\"><b>Parque nacional Queen Elizabeth<\/b><\/p>\n<p style=\"text-align: justify;\">El Queen Elizabeth National Park, situado en la regi\u00f3n occidental de Uganda, se erige como uno de los destinos m\u00e1s codiciados del continente africano. No es de extra\u00f1ar que sus vastas extensiones y su biodiversidad deslumbrante atraigan a viajeros de todo el mundo. Este paraje abarca un espectro de ecosistemas que va desde las sabanas hasta los bosques tropicales, pasando por llanuras de inundaci\u00f3n y cr\u00e1teres volc\u00e1nicos, ofreciendo as\u00ed un abanico de experiencias salvajes incomparables.<\/p>\n<p style=\"text-align: justify;\">En este santuario, la fauna reina con magnificencia: elefantes, b\u00fafalos, leones, leopardos e hipop\u00f3tamos deambulan libremente bajo el sol africano, mientras una sinfon\u00eda de aves colorea el cielo. Para aquellos intr\u00e9pidos que desean adentrarse en la naturaleza virgen, el parque ofrece safaris en veh\u00edculos, navegaciones por el canal de Kazinga y caminatas guiadas, prometiendo encuentros inolvidables con la vida salvaje en su h\u00e1bitat natural.<\/p>\n<p style=\"text-align: justify;\">\n<\/div><\/section><\/div><div  class='flex_column av-7bx21-1dc380cfe10ad7b13c413203330ae98c av_one_half  avia-builder-el-24  el_after_av_one_half  avia-builder-el-last  flex_column_div  column-top-margin'     ><style type=\"text\/css\" data-created_by=\"avia_inline_auto\" id=\"style-css-av-lujh12jw-4da3bd8c23df6bfc32175014e2545552\">\n.avia-image-container.av-lujh12jw-4da3bd8c23df6bfc32175014e2545552 img.avia_image{\nbox-shadow:none;\n}\n.avia-image-container.av-lujh12jw-4da3bd8c23df6bfc32175014e2545552 .av-image-caption-overlay-center{\ncolor:#ffffff;\n}\n<\/style>\n<div  class='avia-image-container av-lujh12jw-4da3bd8c23df6bfc32175014e2545552 av-styling- avia-align-center  avia-builder-el-25  avia-builder-el-no-sibling'   itemprop=\"image\" itemscope=\"itemscope\" itemtype=\"https:\/\/schema.org\/ImageObject\" ><div class=\"avia-image-container-inner\"><div class=\"avia-image-overlay-wrap\"><img decoding=\"async\" fetchpriority=\"high\" class='wp-image-457 avia-img-lazy-loading-not-457 avia_image' src=\"https:\/\/tanzaniadmc.com\/wp-content\/uploads\/2024\/04\/Queen-Elizabeth.jpg\" alt='' title='Queen Elizabeth'  height=\"1080\" width=\"1920\"  itemprop=\"thumbnailUrl\" srcset=\"https:\/\/tanzaniadmc.com\/wp-content\/uploads\/2024\/04\/Queen-Elizabeth.jpg 1920w, https:\/\/tanzaniadmc.com\/wp-content\/uploads\/2024\/04\/Queen-Elizabeth-300x169.jpg 300w, https:\/\/tanzaniadmc.com\/wp-content\/uploads\/2024\/04\/Queen-Elizabeth-1030x579.jpg 1030w, https:\/\/tanzaniadmc.com\/wp-content\/uploads\/2024\/04\/Queen-Elizabeth-768x432.jpg 768w, https:\/\/tanzaniadmc.com\/wp-content\/uploads\/2024\/04\/Queen-Elizabeth-1536x864.jpg 1536w, https:\/\/tanzaniadmc.com\/wp-content\/uploads\/2024\/04\/Queen-Elizabeth-18x10.jpg 18w, https:\/\/tanzaniadmc.com\/wp-content\/uploads\/2024\/04\/Queen-Elizabeth-1500x844.jpg 1500w, https:\/\/tanzaniadmc.com\/wp-content\/uploads\/2024\/04\/Queen-Elizabeth-705x397.jpg 705w\" sizes=\"(max-width: 1920px) 100vw, 1920px\" \/><\/div><\/div><\/div><\/div><\/p>","protected":false},"excerpt":{"rendered":"","protected":false},"author":1,"featured_media":0,"parent":528,"menu_order":0,"comment_status":"closed","ping_status":"closed","template":"","meta":{"footnotes":""},"class_list":["post-451","page","type-page","status-publish","hentry"],"_links":{"self":[{"href":"https:\/\/tanzaniadmc.com\/es_es\/wp-json\/wp\/v2\/pages\/451","targetHints":{"allow":["GET"]}}],"collection":[{"href":"https:\/\/tanzaniadmc.com\/es_es\/wp-json\/wp\/v2\/pages"}],"about":[{"href":"https:\/\/tanzaniadmc.com\/es_es\/wp-json\/wp\/v2\/types\/page"}],"author":[{"embeddable":true,"href":"https:\/\/tanzaniadmc.com\/es_es\/wp-json\/wp\/v2\/users\/1"}],"replies":[{"embeddable":true,"href":"https:\/\/tanzaniadmc.com\/es_es\/wp-json\/wp\/v2\/comments?post=451"}],"version-history":[{"count":3,"href":"https:\/\/tanzaniadmc.com\/es_es\/wp-json\/wp\/v2\/pages\/451\/revisions"}],"predecessor-version":[{"id":849,"href":"https:\/\/tanzaniadmc.com\/es_es\/wp-json\/wp\/v2\/pages\/451\/revisions\/849"}],"up":[{"embeddable":true,"href":"https:\/\/tanzaniadmc.com\/es_es\/wp-json\/wp\/v2\/pages\/528"}],"wp:attachment":[{"href":"https:\/\/tanzaniadmc.com\/es_es\/wp-json\/wp\/v2\/media?parent=451"}],"curies":[{"name":"wp","href":"https:\/\/api.w.org\/{rel}","templated":true}]}}