{"id":393,"date":"2024-04-02T08:56:36","date_gmt":"2024-04-02T08:56:36","guid":{"rendered":"https:\/\/tanzaniadmc.com\/?page_id=393"},"modified":"2024-05-29T10:23:52","modified_gmt":"2024-05-29T10:23:52","slug":"destino-mozambique","status":"publish","type":"page","link":"https:\/\/tanzaniadmc.com\/es_es\/destinos\/destino-mozambique","title":{"rendered":"Destino Mozambique"},"content":{"rendered":"<style type=\"text\/css\" data-created_by=\"avia_inline_auto\" id=\"style-css-av-lu9lk2k4-cd14871f7c5434516228aacba2acc4af\">\n#top .av-special-heading.av-lu9lk2k4-cd14871f7c5434516228aacba2acc4af{\npadding-bottom:10px;\n}\nbody .av-special-heading.av-lu9lk2k4-cd14871f7c5434516228aacba2acc4af .av-special-heading-tag .heading-char{\nfont-size:25px;\n}\n.av-special-heading.av-lu9lk2k4-cd14871f7c5434516228aacba2acc4af .av-subheading{\nfont-size:15px;\n}\n<\/style>\n<div  class='av-special-heading av-lu9lk2k4-cd14871f7c5434516228aacba2acc4af av-special-heading-h1 blockquote modern-quote modern-centered  avia-builder-el-0  el_before_av_hr  avia-builder-el-first'><h1 class='av-special-heading-tag'  itemprop=\"headline\"  >Mozambique<\/h1><div class=\"special-heading-border\"><div class=\"special-heading-inner-border\"><\/div><\/div><\/div>\n\n<style type=\"text\/css\" data-created_by=\"avia_inline_auto\" id=\"style-css-av-lu9lkpgo-cb349d7f39e5d320bc469a78c8192c28\">\n#top .hr.av-lu9lkpgo-cb349d7f39e5d320bc469a78c8192c28{\nmargin-top:30px;\nmargin-bottom:30px;\n}\n.hr.av-lu9lkpgo-cb349d7f39e5d320bc469a78c8192c28 .hr-inner{\nwidth:50px;\nborder-color:#7c9162;\n}\n<\/style>\n<div  class='hr av-lu9lkpgo-cb349d7f39e5d320bc469a78c8192c28 hr-custom  avia-builder-el-1  el_after_av_heading  el_before_av_textblock  hr-center hr-icon-no'><span class='hr-inner inner-border-av-border-fat'><span class=\"hr-inner-style\"><\/span><\/span><\/div>\n<section  class='av_textblock_section av-lui2ug62-e27e4967c8999f773b319b6f5fe73f11'   itemscope=\"itemscope\" itemtype=\"https:\/\/schema.org\/CreativeWork\" ><div class='avia_textblock'  itemprop=\"text\" ><p style=\"text-align: justify;\">En las aguas azules de la costa de Mozambique, dos tesoros insulares aguardan a los viajeros, el Archipi\u00e9lago de Bazaruto y las Islas Quirimbas. En tiempos pasados, esta regi\u00f3n respiraba bajo el yugo colonial portugu\u00e9s, pero las diferencias culturales que hoy distinguen a estos dos archipi\u00e9lagos son notorias y reveladoras de su singular riqueza.<\/p>\n<p style=\"text-align: justify;\">Los encantos de ambos destinos son apreciados por sus costas pintorescas, donde la arena blanca besa las aguas cristalinas y los arrecifes de coral cobran vida en una paleta de colores vibrantes. Tanto en Bazaruto como en las Quirimbas, los viajeros se deleitan con una pl\u00e9tora de actividades acu\u00e1ticas, desde el buceo hasta la pesca deportiva, mientras la fauna marina despliega su esplendor bajo las olas.<\/p>\n<p style=\"text-align: justify;\">Sin embargo, las diferencias se revelan en la estructura misma de estos archipi\u00e9lagos. Bazaruto, con sus cinco islas principales, ha abrazado el desarrollo tur\u00edstico con mayor entusiasmo, acogiendo una pl\u00e9tora de resorts y servicios para los viajeros. Mientras tanto, las Quirimbas, con sus 32 islas principales y numerosos cayos, mantienen una atm\u00f3sfera m\u00e1s pr\u00edstina y virgen, impregnada de una historia enriquecida por el comercio \u00e1rabe y portugu\u00e9s a lo largo de los siglos.<\/p>\n<p style=\"text-align: justify;\">As\u00ed, entre la brisa salina y los susurros del oc\u00e9ano, estas joyas insulares encierran secretos culturales y naturales que aguardan ser descubiertos por aquellos aventureros que buscan perderse en la vastedad del \u00cdndico y enriquecerse con la diversidad de \u00c1frica.<\/p>\n<\/div><\/section>\n\n<style type=\"text\/css\" data-created_by=\"avia_inline_auto\" id=\"style-css-av-8cyen-83f707f70e3c174548f2c2c088971cd9\">\n#top .hr.hr-invisible.av-8cyen-83f707f70e3c174548f2c2c088971cd9{\nheight:50px;\n}\n<\/style>\n<div  class='hr av-8cyen-83f707f70e3c174548f2c2c088971cd9 hr-invisible  avia-builder-el-3  el_after_av_textblock  el_before_av_image'><span class='hr-inner'><span class=\"hr-inner-style\"><\/span><\/span><\/div>\n\n<style type=\"text\/css\" data-created_by=\"avia_inline_auto\" id=\"style-css-av-lu9lm5me-0206257851adbccc94d0d3a8af213f6c\">\n.avia-image-container.av-lu9lm5me-0206257851adbccc94d0d3a8af213f6c img.avia_image{\nbox-shadow:none;\n}\n.avia-image-container.av-lu9lm5me-0206257851adbccc94d0d3a8af213f6c .av-image-caption-overlay-center{\ncolor:#ffffff;\n}\n<\/style>\n<div  class='avia-image-container av-lu9lm5me-0206257851adbccc94d0d3a8af213f6c av-styling- avia_animated_image av-animated-when-visible-95 fade-in avia-align-center  avia-builder-el-4  el_after_av_hr  el_before_av_hr'   itemprop=\"image\" itemscope=\"itemscope\" itemtype=\"https:\/\/schema.org\/ImageObject\" ><div class=\"avia-image-container-inner\"><div class=\"avia-image-overlay-wrap\"><img decoding=\"async\" fetchpriority=\"high\" class='wp-image-437 avia-img-lazy-loading-not-437 avia_image' src=\"https:\/\/tanzaniadmc.com\/wp-content\/uploads\/2024\/04\/mozambique-playas-3.jpg\" alt='' title='xr:d:DAGAgcgvWPM:51,j:2650791974491890247,t:24040209'  height=\"1080\" width=\"1920\"  itemprop=\"thumbnailUrl\" srcset=\"https:\/\/tanzaniadmc.com\/wp-content\/uploads\/2024\/04\/mozambique-playas-3.jpg 1920w, https:\/\/tanzaniadmc.com\/wp-content\/uploads\/2024\/04\/mozambique-playas-3-300x169.jpg 300w, https:\/\/tanzaniadmc.com\/wp-content\/uploads\/2024\/04\/mozambique-playas-3-1030x579.jpg 1030w, https:\/\/tanzaniadmc.com\/wp-content\/uploads\/2024\/04\/mozambique-playas-3-768x432.jpg 768w, https:\/\/tanzaniadmc.com\/wp-content\/uploads\/2024\/04\/mozambique-playas-3-1536x864.jpg 1536w, https:\/\/tanzaniadmc.com\/wp-content\/uploads\/2024\/04\/mozambique-playas-3-18x10.jpg 18w, https:\/\/tanzaniadmc.com\/wp-content\/uploads\/2024\/04\/mozambique-playas-3-1500x844.jpg 1500w, https:\/\/tanzaniadmc.com\/wp-content\/uploads\/2024\/04\/mozambique-playas-3-705x397.jpg 705w\" sizes=\"(max-width: 1920px) 100vw, 1920px\" \/><\/div><\/div><\/div>\n\n<style type=\"text\/css\" data-created_by=\"avia_inline_auto\" id=\"style-css-av-2dv55d-145646d081c6e5683131f8741eefb478\">\n#top .hr.hr-invisible.av-2dv55d-145646d081c6e5683131f8741eefb478{\nheight:50px;\n}\n<\/style>\n<div  class='hr av-2dv55d-145646d081c6e5683131f8741eefb478 hr-invisible  avia-builder-el-5  el_after_av_image  avia-builder-el-last'><span class='hr-inner'><span class=\"hr-inner-style\"><\/span><\/span><\/div>","protected":false},"excerpt":{"rendered":"","protected":false},"author":1,"featured_media":0,"parent":528,"menu_order":0,"comment_status":"closed","ping_status":"closed","template":"","meta":{"footnotes":""},"class_list":["post-393","page","type-page","status-publish","hentry"],"_links":{"self":[{"href":"https:\/\/tanzaniadmc.com\/es_es\/wp-json\/wp\/v2\/pages\/393","targetHints":{"allow":["GET"]}}],"collection":[{"href":"https:\/\/tanzaniadmc.com\/es_es\/wp-json\/wp\/v2\/pages"}],"about":[{"href":"https:\/\/tanzaniadmc.com\/es_es\/wp-json\/wp\/v2\/types\/page"}],"author":[{"embeddable":true,"href":"https:\/\/tanzaniadmc.com\/es_es\/wp-json\/wp\/v2\/users\/1"}],"replies":[{"embeddable":true,"href":"https:\/\/tanzaniadmc.com\/es_es\/wp-json\/wp\/v2\/comments?post=393"}],"version-history":[{"count":6,"href":"https:\/\/tanzaniadmc.com\/es_es\/wp-json\/wp\/v2\/pages\/393\/revisions"}],"predecessor-version":[{"id":833,"href":"https:\/\/tanzaniadmc.com\/es_es\/wp-json\/wp\/v2\/pages\/393\/revisions\/833"}],"up":[{"embeddable":true,"href":"https:\/\/tanzaniadmc.com\/es_es\/wp-json\/wp\/v2\/pages\/528"}],"wp:attachment":[{"href":"https:\/\/tanzaniadmc.com\/es_es\/wp-json\/wp\/v2\/media?parent=393"}],"curies":[{"name":"wp","href":"https:\/\/api.w.org\/{rel}","templated":true}]}}