{"id":391,"date":"2024-04-02T08:54:35","date_gmt":"2024-04-02T08:54:35","guid":{"rendered":"https:\/\/tanzaniadmc.com\/?page_id=391"},"modified":"2024-05-29T10:15:54","modified_gmt":"2024-05-29T10:15:54","slug":"destino-cataratasvictoria","status":"publish","type":"page","link":"https:\/\/tanzaniadmc.com\/es_es\/destinos\/destino-cataratasvictoria","title":{"rendered":"Destino Cataratas Victoria"},"content":{"rendered":"<style type=\"text\/css\" data-created_by=\"avia_inline_auto\" id=\"style-css-av-lu9lk2k4-4e52677707d58fe3aef5a7378e29f638\">\n#top .av-special-heading.av-lu9lk2k4-4e52677707d58fe3aef5a7378e29f638{\npadding-bottom:10px;\n}\nbody .av-special-heading.av-lu9lk2k4-4e52677707d58fe3aef5a7378e29f638 .av-special-heading-tag .heading-char{\nfont-size:25px;\n}\n.av-special-heading.av-lu9lk2k4-4e52677707d58fe3aef5a7378e29f638 .av-subheading{\nfont-size:15px;\n}\n<\/style>\n<div  class='av-special-heading av-lu9lk2k4-4e52677707d58fe3aef5a7378e29f638 av-special-heading-h1 blockquote modern-quote modern-centered  avia-builder-el-0  el_before_av_hr  avia-builder-el-first'><h1 class='av-special-heading-tag'  itemprop=\"headline\"  >CATARATAS VICTORIA<\/h1><div class='av-subheading av-subheading_below'><p>ZAMBIA \/ ZIMBABWE<\/p>\n<\/div><div class=\"special-heading-border\"><div class=\"special-heading-inner-border\"><\/div><\/div><\/div>\n\n<style type=\"text\/css\" data-created_by=\"avia_inline_auto\" id=\"style-css-av-lu9lkpgo-cb349d7f39e5d320bc469a78c8192c28\">\n#top .hr.av-lu9lkpgo-cb349d7f39e5d320bc469a78c8192c28{\nmargin-top:30px;\nmargin-bottom:30px;\n}\n.hr.av-lu9lkpgo-cb349d7f39e5d320bc469a78c8192c28 .hr-inner{\nwidth:50px;\nborder-color:#7c9162;\n}\n<\/style>\n<div  class='hr av-lu9lkpgo-cb349d7f39e5d320bc469a78c8192c28 hr-custom  avia-builder-el-1  el_after_av_heading  el_before_av_textblock  hr-center hr-icon-no'><span class='hr-inner inner-border-av-border-fat'><span class=\"hr-inner-style\"><\/span><\/span><\/div>\n<section  class='av_textblock_section av-lui2ug62-e27e4967c8999f773b319b6f5fe73f11'   itemscope=\"itemscope\" itemtype=\"https:\/\/schema.org\/CreativeWork\" ><div class='avia_textblock'  itemprop=\"text\" ><p>En el conf\u00edn entre Zambia y Zimbabue yace una maravilla de la naturaleza, las Cataratas Victoria, cuyo nombre local, \"Mosi-oa-Tunya\", evoca el estruendo del trueno. Estas majestuosas cataratas, erguidas a lo largo del r\u00edo Zambeze, despliegan un espect\u00e1culo hipn\u00f3tico de agua rugiente y vapor ascendente, visible y audible a kil\u00f3metros de distancia.<\/p>\n<p>Con m\u00e1s de 100 metros de altura y un ancho de m\u00e1s de 1,7 kil\u00f3metros, las Cataratas Victoria ostentan el t\u00edtulo de una de las cascadas m\u00e1s imponentes del globo. Atraen a viajeros de todos los confines, ansiosos por maravillarse con su grandeza y participar en actividades como el paseo en bote por el Zambeze, safaris en la Reserva Nacional de Vida Silvestre de Zambezi y deportes acu\u00e1ticos emocionantes como el rafting en aguas bravas.<\/p>\n<p>M\u00e1s all\u00e1 de su esplendor esc\u00e9nico, las Cataratas Victoria poseen una riqueza cultural arraigada en las comunidades locales, consider\u00e1ndolas un lugar sagrado, imbuido de mitos y leyendas. Es un destino de peregrinaci\u00f3n para quienes buscan sumergirse en la grandeza de la naturaleza y en la riqueza cultural de \u00c1frica.<\/p>\n<\/div><\/section>\n\n<style type=\"text\/css\" data-created_by=\"avia_inline_auto\" id=\"style-css-av-8cyen-83f707f70e3c174548f2c2c088971cd9\">\n#top .hr.hr-invisible.av-8cyen-83f707f70e3c174548f2c2c088971cd9{\nheight:50px;\n}\n<\/style>\n<div  class='hr av-8cyen-83f707f70e3c174548f2c2c088971cd9 hr-invisible  avia-builder-el-3  el_after_av_textblock  el_before_av_image'><span class='hr-inner'><span class=\"hr-inner-style\"><\/span><\/span><\/div>\n\n<style type=\"text\/css\" data-created_by=\"avia_inline_auto\" id=\"style-css-av-lu9lm5me-87c3363bbcc727e445ec4e76901f26dd\">\n.avia-image-container.av-lu9lm5me-87c3363bbcc727e445ec4e76901f26dd img.avia_image{\nbox-shadow:none;\n}\n.avia-image-container.av-lu9lm5me-87c3363bbcc727e445ec4e76901f26dd .av-image-caption-overlay-center{\ncolor:#ffffff;\n}\n<\/style>\n<div  class='avia-image-container av-lu9lm5me-87c3363bbcc727e445ec4e76901f26dd av-styling- avia_animated_image av-animated-when-visible-95 fade-in avia-align-center  avia-builder-el-4  el_after_av_hr  el_before_av_hr'   itemprop=\"image\" itemscope=\"itemscope\" itemtype=\"https:\/\/schema.org\/ImageObject\" ><div class=\"avia-image-container-inner\"><div class=\"avia-image-overlay-wrap\"><img decoding=\"async\" fetchpriority=\"high\" class='wp-image-599 avia-img-lazy-loading-not-599 avia_image' src=\"https:\/\/tanzaniadmc.com\/wp-content\/uploads\/2024\/04\/CATARATAS-VICTORIA-DRON.jpg\" alt='' title='CV_DRON'  height=\"1080\" width=\"1920\"  itemprop=\"thumbnailUrl\" srcset=\"https:\/\/tanzaniadmc.com\/wp-content\/uploads\/2024\/04\/CATARATAS-VICTORIA-DRON.jpg 1920w, https:\/\/tanzaniadmc.com\/wp-content\/uploads\/2024\/04\/CATARATAS-VICTORIA-DRON-300x169.jpg 300w, https:\/\/tanzaniadmc.com\/wp-content\/uploads\/2024\/04\/CATARATAS-VICTORIA-DRON-1030x579.jpg 1030w, https:\/\/tanzaniadmc.com\/wp-content\/uploads\/2024\/04\/CATARATAS-VICTORIA-DRON-768x432.jpg 768w, https:\/\/tanzaniadmc.com\/wp-content\/uploads\/2024\/04\/CATARATAS-VICTORIA-DRON-1536x864.jpg 1536w, https:\/\/tanzaniadmc.com\/wp-content\/uploads\/2024\/04\/CATARATAS-VICTORIA-DRON-18x10.jpg 18w, https:\/\/tanzaniadmc.com\/wp-content\/uploads\/2024\/04\/CATARATAS-VICTORIA-DRON-1500x844.jpg 1500w, https:\/\/tanzaniadmc.com\/wp-content\/uploads\/2024\/04\/CATARATAS-VICTORIA-DRON-705x397.jpg 705w\" sizes=\"(max-width: 1920px) 100vw, 1920px\" \/><\/div><\/div><\/div>\n\n<style type=\"text\/css\" data-created_by=\"avia_inline_auto\" id=\"style-css-av-2dv55d-145646d081c6e5683131f8741eefb478\">\n#top .hr.hr-invisible.av-2dv55d-145646d081c6e5683131f8741eefb478{\nheight:50px;\n}\n<\/style>\n<div  class='hr av-2dv55d-145646d081c6e5683131f8741eefb478 hr-invisible  avia-builder-el-5  el_after_av_image  avia-builder-el-last'><span class='hr-inner'><span class=\"hr-inner-style\"><\/span><\/span><\/div>","protected":false},"excerpt":{"rendered":"","protected":false},"author":1,"featured_media":0,"parent":528,"menu_order":0,"comment_status":"closed","ping_status":"closed","template":"","meta":{"footnotes":""},"class_list":["post-391","page","type-page","status-publish","hentry"],"_links":{"self":[{"href":"https:\/\/tanzaniadmc.com\/es_es\/wp-json\/wp\/v2\/pages\/391","targetHints":{"allow":["GET"]}}],"collection":[{"href":"https:\/\/tanzaniadmc.com\/es_es\/wp-json\/wp\/v2\/pages"}],"about":[{"href":"https:\/\/tanzaniadmc.com\/es_es\/wp-json\/wp\/v2\/types\/page"}],"author":[{"embeddable":true,"href":"https:\/\/tanzaniadmc.com\/es_es\/wp-json\/wp\/v2\/users\/1"}],"replies":[{"embeddable":true,"href":"https:\/\/tanzaniadmc.com\/es_es\/wp-json\/wp\/v2\/comments?post=391"}],"version-history":[{"count":6,"href":"https:\/\/tanzaniadmc.com\/es_es\/wp-json\/wp\/v2\/pages\/391\/revisions"}],"predecessor-version":[{"id":830,"href":"https:\/\/tanzaniadmc.com\/es_es\/wp-json\/wp\/v2\/pages\/391\/revisions\/830"}],"up":[{"embeddable":true,"href":"https:\/\/tanzaniadmc.com\/es_es\/wp-json\/wp\/v2\/pages\/528"}],"wp:attachment":[{"href":"https:\/\/tanzaniadmc.com\/es_es\/wp-json\/wp\/v2\/media?parent=391"}],"curies":[{"name":"wp","href":"https:\/\/api.w.org\/{rel}","templated":true}]}}