{"id":386,"date":"2024-04-02T08:49:19","date_gmt":"2024-04-02T08:49:19","guid":{"rendered":"https:\/\/tanzaniadmc.com\/?page_id=386"},"modified":"2024-05-29T10:25:48","modified_gmt":"2024-05-29T10:25:48","slug":"destino-namibia","status":"publish","type":"page","link":"https:\/\/tanzaniadmc.com\/es_es\/destinos\/destino-namibia","title":{"rendered":"Destino Namibia"},"content":{"rendered":"<style type=\"text\/css\" data-created_by=\"avia_inline_auto\" id=\"style-css-av-lu9lk2k4-f420f5a1bd186b9b6ea4f205d907611f\">\n#top .av-special-heading.av-lu9lk2k4-f420f5a1bd186b9b6ea4f205d907611f{\npadding-bottom:10px;\n}\nbody .av-special-heading.av-lu9lk2k4-f420f5a1bd186b9b6ea4f205d907611f .av-special-heading-tag .heading-char{\nfont-size:25px;\n}\n.av-special-heading.av-lu9lk2k4-f420f5a1bd186b9b6ea4f205d907611f .av-subheading{\nfont-size:15px;\n}\n<\/style>\n<div  class='av-special-heading av-lu9lk2k4-f420f5a1bd186b9b6ea4f205d907611f av-special-heading-h1 blockquote modern-quote modern-centered  avia-builder-el-0  el_before_av_hr  avia-builder-el-first'><h1 class='av-special-heading-tag'  itemprop=\"headline\"  >Namibia <\/h1><div class=\"special-heading-border\"><div class=\"special-heading-inner-border\"><\/div><\/div><\/div>\n\n<style type=\"text\/css\" data-created_by=\"avia_inline_auto\" id=\"style-css-av-lu9lkpgo-cb349d7f39e5d320bc469a78c8192c28\">\n#top .hr.av-lu9lkpgo-cb349d7f39e5d320bc469a78c8192c28{\nmargin-top:30px;\nmargin-bottom:30px;\n}\n.hr.av-lu9lkpgo-cb349d7f39e5d320bc469a78c8192c28 .hr-inner{\nwidth:50px;\nborder-color:#7c9162;\n}\n<\/style>\n<div  class='hr av-lu9lkpgo-cb349d7f39e5d320bc469a78c8192c28 hr-custom  avia-builder-el-1  el_after_av_heading  el_before_av_image  hr-center hr-icon-no'><span class='hr-inner inner-border-av-border-fat'><span class=\"hr-inner-style\"><\/span><\/span><\/div>\n\n<style type=\"text\/css\" data-created_by=\"avia_inline_auto\" id=\"style-css-av-lu9lm5me-7c821855b41bd0a7a62c1dc22a30ba93\">\n.avia-image-container.av-lu9lm5me-7c821855b41bd0a7a62c1dc22a30ba93 img.avia_image{\nbox-shadow:none;\n}\n.avia-image-container.av-lu9lm5me-7c821855b41bd0a7a62c1dc22a30ba93 .av-image-caption-overlay-center{\ncolor:#ffffff;\n}\n<\/style>\n<div  class='avia-image-container av-lu9lm5me-7c821855b41bd0a7a62c1dc22a30ba93 av-styling- avia_animated_image av-animated-when-visible-95 fade-in avia-align-center  avia-builder-el-2  el_after_av_hr  el_before_av_hr'   itemprop=\"image\" itemscope=\"itemscope\" itemtype=\"https:\/\/schema.org\/ImageObject\" ><div class=\"avia-image-container-inner\"><div class=\"avia-image-overlay-wrap\"><img decoding=\"async\" fetchpriority=\"high\" class='wp-image-442 avia-img-lazy-loading-not-442 avia_image' src=\"https:\/\/tanzaniadmc.com\/wp-content\/uploads\/2024\/04\/Namibia2.jpg\" alt='' title='Namibia2'  height=\"1080\" width=\"1920\"  itemprop=\"thumbnailUrl\" srcset=\"https:\/\/tanzaniadmc.com\/wp-content\/uploads\/2024\/04\/Namibia2.jpg 1920w, https:\/\/tanzaniadmc.com\/wp-content\/uploads\/2024\/04\/Namibia2-300x169.jpg 300w, https:\/\/tanzaniadmc.com\/wp-content\/uploads\/2024\/04\/Namibia2-1030x579.jpg 1030w, https:\/\/tanzaniadmc.com\/wp-content\/uploads\/2024\/04\/Namibia2-768x432.jpg 768w, https:\/\/tanzaniadmc.com\/wp-content\/uploads\/2024\/04\/Namibia2-1536x864.jpg 1536w, https:\/\/tanzaniadmc.com\/wp-content\/uploads\/2024\/04\/Namibia2-18x10.jpg 18w, https:\/\/tanzaniadmc.com\/wp-content\/uploads\/2024\/04\/Namibia2-1500x844.jpg 1500w, https:\/\/tanzaniadmc.com\/wp-content\/uploads\/2024\/04\/Namibia2-705x397.jpg 705w\" sizes=\"(max-width: 1920px) 100vw, 1920px\" \/><\/div><\/div><\/div>\n\n<style type=\"text\/css\" data-created_by=\"avia_inline_auto\" id=\"style-css-av-2dv55d-145646d081c6e5683131f8741eefb478\">\n#top .hr.hr-invisible.av-2dv55d-145646d081c6e5683131f8741eefb478{\nheight:50px;\n}\n<\/style>\n<div  class='hr av-2dv55d-145646d081c6e5683131f8741eefb478 hr-invisible  avia-builder-el-3  el_after_av_image  el_before_av_one_half'><span class='hr-inner'><span class=\"hr-inner-style\"><\/span><\/span><\/div>\n<div  class='flex_column av-26hkyp-db938593766ae8448ce02e792d7f9191 av_one_half  avia-builder-el-4  el_after_av_hr  el_before_av_one_half  first flex_column_div av-animated-generic bottom-to-top'     ><section  class='av_textblock_section av-lui2ug62-e27e4967c8999f773b319b6f5fe73f11'   itemscope=\"itemscope\" itemtype=\"https:\/\/schema.org\/CreativeWork\" ><div class='avia_textblock'  itemprop=\"text\" ><p style=\"text-align: justify;\"><strong>Parque Nacional de Etosha<\/strong><\/p>\n<p style=\"text-align: justify;\">En el vasto Parque Nacional de Etosha, los visitantes disfrutar\u00e1n de un safari excepcional donde la naturaleza africana despliega toda su majestuosidad. Con m\u00e1s de 22,000 kil\u00f3metros cuadrados de extensi\u00f3n, este santuario de vida salvaje ofrece un viaje inolvidable a trav\u00e9s de vastas llanuras y salares. Este es el hogar de leones, elefantes, rinocerontes negros y blancos, leopardos, guepardos, jirafas, hienas, \u00f1us, cebras, impalas, springboks, kud\u00fas y \u00f3rices. La variedad de animales es sorprendente, con m\u00e1s de 300 especies de aves, incluyendo aves rapaces como \u00e1guilas y halcones, as\u00ed como aves acu\u00e1ticas en las \u00e1reas de agua. Destacan las salinas de Etosha, un lugar que atrae a numerosas especies de animales durante la estaci\u00f3n seca, creando un paisaje \u00fanico y fascinante. La flora tambi\u00e9n es sorprendente, con especies adaptadas a las duras condiciones del desierto, como acacias y mopanes. El Parque Nacional de Etosha promete una experiencia de safari excepcional en \u00c1frica.<\/p>\n<\/div><\/section><\/div>\n<div  class='flex_column av-20zfh5-35700d451749b6af1dbae544c5c24f54 av_one_half  avia-builder-el-6  el_after_av_one_half  el_before_av_one_half  flex_column_div'     ><style type=\"text\/css\" data-created_by=\"avia_inline_auto\" id=\"style-css-av-flsu2-6e3f3e8477fed8f2e9335e2b5532357a\">\n.avia-image-container.av-flsu2-6e3f3e8477fed8f2e9335e2b5532357a img.avia_image{\nbox-shadow:none;\n}\n.avia-image-container.av-flsu2-6e3f3e8477fed8f2e9335e2b5532357a .av-image-caption-overlay-center{\ncolor:#ffffff;\n}\n<\/style>\n<div  class='avia-image-container av-flsu2-6e3f3e8477fed8f2e9335e2b5532357a av-styling- avia-align-center  avia-builder-el-7  avia-builder-el-no-sibling'   itemprop=\"image\" itemscope=\"itemscope\" itemtype=\"https:\/\/schema.org\/ImageObject\" ><div class=\"avia-image-container-inner\"><div class=\"avia-image-overlay-wrap\"><img decoding=\"async\" fetchpriority=\"high\" class='wp-image-512 avia-img-lazy-loading-not-512 avia_image' src=\"https:\/\/tanzaniadmc.com\/wp-content\/uploads\/2024\/04\/Etosha.jpg\" alt='' title='xr:d:DAGAgcgvWPM:96,j:6967492543741564360,t:24040513'  height=\"1080\" width=\"1920\"  itemprop=\"thumbnailUrl\" srcset=\"https:\/\/tanzaniadmc.com\/wp-content\/uploads\/2024\/04\/Etosha.jpg 1920w, https:\/\/tanzaniadmc.com\/wp-content\/uploads\/2024\/04\/Etosha-300x169.jpg 300w, https:\/\/tanzaniadmc.com\/wp-content\/uploads\/2024\/04\/Etosha-1030x579.jpg 1030w, https:\/\/tanzaniadmc.com\/wp-content\/uploads\/2024\/04\/Etosha-768x432.jpg 768w, https:\/\/tanzaniadmc.com\/wp-content\/uploads\/2024\/04\/Etosha-1536x864.jpg 1536w, https:\/\/tanzaniadmc.com\/wp-content\/uploads\/2024\/04\/Etosha-18x10.jpg 18w, https:\/\/tanzaniadmc.com\/wp-content\/uploads\/2024\/04\/Etosha-1500x844.jpg 1500w, https:\/\/tanzaniadmc.com\/wp-content\/uploads\/2024\/04\/Etosha-705x397.jpg 705w\" sizes=\"(max-width: 1920px) 100vw, 1920px\" \/><\/div><\/div><\/div><\/div>\n<div  class='flex_column av-1xdlv5-91e76f52792987000dd0ff839e9055e5 av_one_half  avia-builder-el-8  el_after_av_one_half  el_before_av_one_half  first flex_column_div  column-top-margin'     ><style type=\"text\/css\" data-created_by=\"avia_inline_auto\" id=\"style-css-av-lumj6t9e-cda81e743d8c793067e47298c2f9bbb7\">\n.avia-image-container.av-lumj6t9e-cda81e743d8c793067e47298c2f9bbb7 img.avia_image{\nbox-shadow:none;\n}\n.avia-image-container.av-lumj6t9e-cda81e743d8c793067e47298c2f9bbb7 .av-image-caption-overlay-center{\ncolor:#ffffff;\n}\n<\/style>\n<div  class='avia-image-container av-lumj6t9e-cda81e743d8c793067e47298c2f9bbb7 av-styling- avia-align-center  avia-builder-el-9  avia-builder-el-no-sibling'   itemprop=\"image\" itemscope=\"itemscope\" itemtype=\"https:\/\/schema.org\/ImageObject\" ><div class=\"avia-image-container-inner\"><div class=\"avia-image-overlay-wrap\"><img decoding=\"async\" fetchpriority=\"high\" class='wp-image-443 avia-img-lazy-loading-not-443 avia_image' src=\"https:\/\/tanzaniadmc.com\/wp-content\/uploads\/2024\/04\/Swakopmund.jpg\" alt='' title='Swakopmund'  height=\"1080\" width=\"1914\"  itemprop=\"thumbnailUrl\" srcset=\"https:\/\/tanzaniadmc.com\/wp-content\/uploads\/2024\/04\/Swakopmund.jpg 1914w, https:\/\/tanzaniadmc.com\/wp-content\/uploads\/2024\/04\/Swakopmund-300x169.jpg 300w, https:\/\/tanzaniadmc.com\/wp-content\/uploads\/2024\/04\/Swakopmund-1030x581.jpg 1030w, https:\/\/tanzaniadmc.com\/wp-content\/uploads\/2024\/04\/Swakopmund-768x433.jpg 768w, https:\/\/tanzaniadmc.com\/wp-content\/uploads\/2024\/04\/Swakopmund-1536x867.jpg 1536w, https:\/\/tanzaniadmc.com\/wp-content\/uploads\/2024\/04\/Swakopmund-18x10.jpg 18w, https:\/\/tanzaniadmc.com\/wp-content\/uploads\/2024\/04\/Swakopmund-1500x846.jpg 1500w, https:\/\/tanzaniadmc.com\/wp-content\/uploads\/2024\/04\/Swakopmund-705x398.jpg 705w\" sizes=\"(max-width: 1914px) 100vw, 1914px\" \/><\/div><\/div><\/div><\/div>\n<div  class='flex_column av-1qi9jl-75b0fd4a9a5fa91e0873f9cf01a3340b av_one_half  avia-builder-el-10  el_after_av_one_half  el_before_av_one_half  flex_column_div av-animated-generic bottom-to-top  column-top-margin'     ><section  class='av_textblock_section av-lui2vk2a-af4574139f887c3a6546c86916f20188'   itemscope=\"itemscope\" itemtype=\"https:\/\/schema.org\/CreativeWork\" ><div class='avia_textblock'  itemprop=\"text\" ><p style=\"text-align: justify;\"><strong>Swakopmund<\/strong><\/p>\n<p style=\"text-align: justify;\">La ciudad costera de Swakopmund, conocida como la \"Boca del R\u00edo Swakop\" en alem\u00e1n, se encuentra en la pintoresca costa atl\u00e1ntica de Namibia. Fundada en 1892 durante la \u00e9poca colonial alemana, a\u00fan conserva su encanto hist\u00f3rico con sus edificaciones de estilo germ\u00e1nico, que atraen a los visitantes con su arquitectura \u00fanica. Swakopmund ofrece una amplia gama de actividades tanto acu\u00e1ticas como terrestres, desde emocionantes paseos en kayak por la costa hasta aventuras en quad por las dunas doradas. Su diversa oferta culinaria, que incluye mariscos frescos y platos tradicionales alemanes, satisface incluso a los paladares m\u00e1s exigentes. Adem\u00e1s, la ciudad es un crisol de culturas, hogar de diversas comunidades \u00e9tnicas como los herero, los ovambo y los damara, lo que a\u00f1ade un car\u00e1cter distintivo a su ambiente. Su ubicaci\u00f3n privilegiada entre el desierto y el mar la convierte en un destino tur\u00edstico codiciado, atrayendo a viajeros en busca de aventuras y experiencias memorables.<\/p>\n<\/div><\/section><\/div>\n<div  class='flex_column av-1igzyp-811704bd2b9d1d371cffd1367c46137a av_one_half  avia-builder-el-12  el_after_av_one_half  el_before_av_one_half  first flex_column_div av-animated-generic bottom-to-top  column-top-margin'     ><section  class='av_textblock_section av-lui2w2fe-0cc79b15e5da3eb3bd5dde803d569c83'   itemscope=\"itemscope\" itemtype=\"https:\/\/schema.org\/CreativeWork\" ><div class='avia_textblock'  itemprop=\"text\" ><p style=\"text-align: justify;\"><strong>Sossusvlei<\/strong><\/p>\n<p style=\"text-align: justify;\">En Sossusvlei, la deslumbrante belleza de las dunas de arena roja se eleva hacia el cielo en un espect\u00e1culo impresionante. Desde su cima, se puede admirar un paisaje de otro mundo, donde el desierto se extiende en una sucesi\u00f3n de colores y formas. Los antiguos \u00e1rboles petrificados y los lechos de r\u00edos secos a\u00f1aden misterio al paisaje, mientras la luz del sol juega con las sombras y los contrastes. El silencio profundo se ve interrumpido ocasionalmente por el susurro del viento, que modela las dunas con su aliento. Esta regi\u00f3n \u00fanica es un santuario natural de la vida des\u00e9rtica, donde la adaptaci\u00f3n de la flora y fauna al entorno extremo es evidente. La tranquilidad y la grandiosidad de este paisaje surrealista invitan a la reflexi\u00f3n y a la conexi\u00f3n con la naturaleza.<\/p>\n<p style=\"text-align: justify;\"><span style=\"color: #888888;\">\u00a0<\/span><\/p>\n<\/div><\/section><\/div>\n<div  class='flex_column av-1gyopt-12a28e14faf387dffb90a27de268f36d av_one_half  avia-builder-el-14  el_after_av_one_half  el_before_av_one_half  flex_column_div  column-top-margin'     ><style type=\"text\/css\" data-created_by=\"avia_inline_auto\" id=\"style-css-av-lumj7in8-6ccab4d723ba983d5cfe36bffbb87663\">\n.avia-image-container.av-lumj7in8-6ccab4d723ba983d5cfe36bffbb87663 img.avia_image{\nbox-shadow:none;\n}\n.avia-image-container.av-lumj7in8-6ccab4d723ba983d5cfe36bffbb87663 .av-image-caption-overlay-center{\ncolor:#ffffff;\n}\n<\/style>\n<div  class='avia-image-container av-lumj7in8-6ccab4d723ba983d5cfe36bffbb87663 av-styling- avia-align-center  avia-builder-el-15  avia-builder-el-no-sibling'   itemprop=\"image\" itemscope=\"itemscope\" itemtype=\"https:\/\/schema.org\/ImageObject\" ><div class=\"avia-image-container-inner\"><div class=\"avia-image-overlay-wrap\"><img decoding=\"async\" fetchpriority=\"high\" class='wp-image-444 avia-img-lazy-loading-not-444 avia_image' src=\"https:\/\/tanzaniadmc.com\/wp-content\/uploads\/2024\/04\/Sossusvlei.jpg\" alt='' title='Sossusvlei'  height=\"1080\" width=\"1920\"  itemprop=\"thumbnailUrl\" srcset=\"https:\/\/tanzaniadmc.com\/wp-content\/uploads\/2024\/04\/Sossusvlei.jpg 1920w, https:\/\/tanzaniadmc.com\/wp-content\/uploads\/2024\/04\/Sossusvlei-300x169.jpg 300w, https:\/\/tanzaniadmc.com\/wp-content\/uploads\/2024\/04\/Sossusvlei-1030x579.jpg 1030w, https:\/\/tanzaniadmc.com\/wp-content\/uploads\/2024\/04\/Sossusvlei-768x432.jpg 768w, https:\/\/tanzaniadmc.com\/wp-content\/uploads\/2024\/04\/Sossusvlei-1536x864.jpg 1536w, https:\/\/tanzaniadmc.com\/wp-content\/uploads\/2024\/04\/Sossusvlei-18x10.jpg 18w, https:\/\/tanzaniadmc.com\/wp-content\/uploads\/2024\/04\/Sossusvlei-1500x844.jpg 1500w, https:\/\/tanzaniadmc.com\/wp-content\/uploads\/2024\/04\/Sossusvlei-705x397.jpg 705w\" sizes=\"(max-width: 1920px) 100vw, 1920px\" \/><\/div><\/div><\/div><\/div>\n<div  class='flex_column av-7bx21-05dea5fe4d7c4b01f4e0ff484c39cfc8 av_one_half  avia-builder-el-16  el_after_av_one_half  el_before_av_one_half  first flex_column_div  column-top-margin'     ><style type=\"text\/css\" data-created_by=\"avia_inline_auto\" id=\"style-css-av-lumj84rh-562fc3e9e193d2acd92981e8e1ae7734\">\n.avia-image-container.av-lumj84rh-562fc3e9e193d2acd92981e8e1ae7734 img.avia_image{\nbox-shadow:none;\n}\n.avia-image-container.av-lumj84rh-562fc3e9e193d2acd92981e8e1ae7734 .av-image-caption-overlay-center{\ncolor:#ffffff;\n}\n<\/style>\n<div  class='avia-image-container av-lumj84rh-562fc3e9e193d2acd92981e8e1ae7734 av-styling- avia-align-center  avia-builder-el-17  avia-builder-el-no-sibling'   itemprop=\"image\" itemscope=\"itemscope\" itemtype=\"https:\/\/schema.org\/ImageObject\" ><div class=\"avia-image-container-inner\"><div class=\"avia-image-overlay-wrap\"><img decoding=\"async\" fetchpriority=\"high\" class='wp-image-706 avia-img-lazy-loading-not-706 avia_image' src=\"https:\/\/tanzaniadmc.com\/wp-content\/uploads\/2024\/05\/FRANJA-DE-CAPRIVI.jpg\" alt='' title='FRANJA DE CAPRIVI'  height=\"1080\" width=\"1920\"  itemprop=\"thumbnailUrl\" srcset=\"https:\/\/tanzaniadmc.com\/wp-content\/uploads\/2024\/05\/FRANJA-DE-CAPRIVI.jpg 1920w, https:\/\/tanzaniadmc.com\/wp-content\/uploads\/2024\/05\/FRANJA-DE-CAPRIVI-300x169.jpg 300w, https:\/\/tanzaniadmc.com\/wp-content\/uploads\/2024\/05\/FRANJA-DE-CAPRIVI-1030x579.jpg 1030w, https:\/\/tanzaniadmc.com\/wp-content\/uploads\/2024\/05\/FRANJA-DE-CAPRIVI-768x432.jpg 768w, https:\/\/tanzaniadmc.com\/wp-content\/uploads\/2024\/05\/FRANJA-DE-CAPRIVI-1536x864.jpg 1536w, https:\/\/tanzaniadmc.com\/wp-content\/uploads\/2024\/05\/FRANJA-DE-CAPRIVI-18x10.jpg 18w, https:\/\/tanzaniadmc.com\/wp-content\/uploads\/2024\/05\/FRANJA-DE-CAPRIVI-1500x844.jpg 1500w, https:\/\/tanzaniadmc.com\/wp-content\/uploads\/2024\/05\/FRANJA-DE-CAPRIVI-705x397.jpg 705w\" sizes=\"(max-width: 1920px) 100vw, 1920px\" \/><\/div><\/div><\/div><\/div>\n<div  class='flex_column av-jajdd-11f1ecfbac5d6a3dc0db5ed4c892c25d av_one_half  avia-builder-el-18  el_after_av_one_half  el_before_av_one_half  flex_column_div av-animated-generic bottom-to-top  column-top-margin'     ><section  class='av_textblock_section av-2hq81-35819ffe1d9e284e9e20812d2b25f644'   itemscope=\"itemscope\" itemtype=\"https:\/\/schema.org\/CreativeWork\" ><div class='avia_textblock'  itemprop=\"text\" ><p style=\"text-align: justify;\"><strong>Franja de Caprivi<\/strong><\/p>\n<p style=\"text-align: justify;\">La Franja de Caprivi es una estrecha franja de tierra ubicada en el extremo noreste de Namibia, entre Angola, Zambia, Zimbabue y Botsuana. Los r\u00edos que atraviesan esta regi\u00f3n desembocan en el r\u00edo Zambeze, que a su vez desemboca en el oc\u00e9ano \u00cdndico. Esta es una regi\u00f3n ribere\u00f1a donde la vida bulle en torno a los r\u00edos que la atraviesan. El viajero se embarcar\u00e1 en un emocionante safaris para avistar hipop\u00f3tamos y cocodrilos, o ad\u00e9ntrate en los humedales y bosques que albergan una diversidad de aves y mam\u00edferos. Con su exuberante vegetaci\u00f3n y una gran variedad de vida salvaje, la Franja de Caprivi ofrece una experiencia \u00fanica para los amantes de la naturaleza en busca de aventuras fuera de lo com\u00fan y cautivadores paisajes.<\/p>\n<\/div><\/section><\/div>\n<div  class='flex_column av-owp5d-02b0f5acb314c10b513292ae879657d1 av_one_half  avia-builder-el-20  el_after_av_one_half  el_before_av_one_half  first flex_column_div av-animated-generic bottom-to-top  column-top-margin'     ><section  class='av_textblock_section av-z6pd5-0e3cc324311c06970e1263c5f7af7fac'   itemscope=\"itemscope\" itemtype=\"https:\/\/schema.org\/CreativeWork\" ><div class='avia_textblock'  itemprop=\"text\" ><p style=\"text-align: justify;\"><strong>Twyfelfontein \/ Damaraland<\/strong><\/p>\n<p style=\"text-align: justify;\">Twyfelfontein es un sitio arqueol\u00f3gico ubicado en el desierto de Kunene, en el noroeste de Namibia. Es conocido por albergar una de las mayores concentraciones de arte rupestre en \u00c1frica, con grabados y pinturas que datan de hace miles de a\u00f1os. Estas obras de arte prehist\u00f3ricas representan animales, figuras humanas y s\u00edmbolos, y proporcionan una ventana fascinante a la cultura y la vida de las antiguas comunidades que habitaron la regi\u00f3n.  Muchos visitantes acuden al sitio para  aprender sobre la historia y la vida de las comunidades que los crearon. Adem\u00e1s, Twyfelfontein ofrece paisajes impresionantes y oportunidades para realizar actividades al aire libre, como caminatas y safaris en busca de vida silvestre. Se pueden encontrar diversas especies animales adaptadas al entorno semi\u00e1rido de Namibia. Entre ellas se encuentran los ant\u00edlopes, como el \u00f3rix y el springbok, as\u00ed como tambi\u00e9n cebras, jirafas y elefantes del desierto. Adem\u00e1s, es posible avistar depredadores como el le\u00f3n y el leopardo, aunque son menos comunes.<\/p>\n<\/div><\/section><\/div>\n<div  class='flex_column av-11sy41-5b70aeb4ca95bec30cd7ece34a5bba14 av_one_half  avia-builder-el-22  el_after_av_one_half  el_before_av_one_half  flex_column_div  column-top-margin'     ><style type=\"text\/css\" data-created_by=\"avia_inline_auto\" id=\"style-css-av-lumj91ut-790fd0420bc7eab4b27bdee730f1e392\">\n.avia-image-container.av-lumj91ut-790fd0420bc7eab4b27bdee730f1e392 img.avia_image{\nbox-shadow:none;\n}\n.avia-image-container.av-lumj91ut-790fd0420bc7eab4b27bdee730f1e392 .av-image-caption-overlay-center{\ncolor:#ffffff;\n}\n<\/style>\n<div  class='avia-image-container av-lumj91ut-790fd0420bc7eab4b27bdee730f1e392 av-styling- avia-align-center  avia-builder-el-23  avia-builder-el-no-sibling'   itemprop=\"image\" itemscope=\"itemscope\" itemtype=\"https:\/\/schema.org\/ImageObject\" ><div class=\"avia-image-container-inner\"><div class=\"avia-image-overlay-wrap\"><img decoding=\"async\" fetchpriority=\"high\" class='wp-image-446 avia-img-lazy-loading-not-446 avia_image' src=\"https:\/\/tanzaniadmc.com\/wp-content\/uploads\/2024\/04\/Twyfelfontein.jpg\" alt='' title='Twyfelfontein'  height=\"1080\" width=\"1920\"  itemprop=\"thumbnailUrl\" srcset=\"https:\/\/tanzaniadmc.com\/wp-content\/uploads\/2024\/04\/Twyfelfontein.jpg 1920w, https:\/\/tanzaniadmc.com\/wp-content\/uploads\/2024\/04\/Twyfelfontein-300x169.jpg 300w, https:\/\/tanzaniadmc.com\/wp-content\/uploads\/2024\/04\/Twyfelfontein-1030x579.jpg 1030w, https:\/\/tanzaniadmc.com\/wp-content\/uploads\/2024\/04\/Twyfelfontein-768x432.jpg 768w, https:\/\/tanzaniadmc.com\/wp-content\/uploads\/2024\/04\/Twyfelfontein-1536x864.jpg 1536w, https:\/\/tanzaniadmc.com\/wp-content\/uploads\/2024\/04\/Twyfelfontein-18x10.jpg 18w, https:\/\/tanzaniadmc.com\/wp-content\/uploads\/2024\/04\/Twyfelfontein-1500x844.jpg 1500w, https:\/\/tanzaniadmc.com\/wp-content\/uploads\/2024\/04\/Twyfelfontein-705x397.jpg 705w\" sizes=\"(max-width: 1920px) 100vw, 1920px\" \/><\/div><\/div><\/div><\/div>\n<div  class='flex_column av-d9to9-af402e9e2eebc720fbf83838b9be5c0d av_one_half  avia-builder-el-24  el_after_av_one_half  el_before_av_one_half  first flex_column_div  column-top-margin'     ><style type=\"text\/css\" data-created_by=\"avia_inline_auto\" id=\"style-css-av-lumj9m9v-5ec9f6d735b8e8eb9542a396a4ad1089\">\n.avia-image-container.av-lumj9m9v-5ec9f6d735b8e8eb9542a396a4ad1089 img.avia_image{\nbox-shadow:none;\n}\n.avia-image-container.av-lumj9m9v-5ec9f6d735b8e8eb9542a396a4ad1089 .av-image-caption-overlay-center{\ncolor:#ffffff;\n}\n<\/style>\n<div  class='avia-image-container av-lumj9m9v-5ec9f6d735b8e8eb9542a396a4ad1089 av-styling- avia-align-center  avia-builder-el-25  avia-builder-el-no-sibling'   itemprop=\"image\" itemscope=\"itemscope\" itemtype=\"https:\/\/schema.org\/ImageObject\" ><div class=\"avia-image-container-inner\"><div class=\"avia-image-overlay-wrap\"><img decoding=\"async\" fetchpriority=\"high\" class='wp-image-621 avia-img-lazy-loading-not-621 avia_image' src=\"https:\/\/tanzaniadmc.com\/wp-content\/uploads\/2024\/04\/EPUPA-FALLS.jpg\" alt='' title='xr:d:DAGAgcgvWPM:167,j:1347000822885550964,t:24041112'  height=\"1080\" width=\"1920\"  itemprop=\"thumbnailUrl\" srcset=\"https:\/\/tanzaniadmc.com\/wp-content\/uploads\/2024\/04\/EPUPA-FALLS.jpg 1920w, https:\/\/tanzaniadmc.com\/wp-content\/uploads\/2024\/04\/EPUPA-FALLS-300x169.jpg 300w, https:\/\/tanzaniadmc.com\/wp-content\/uploads\/2024\/04\/EPUPA-FALLS-1030x579.jpg 1030w, https:\/\/tanzaniadmc.com\/wp-content\/uploads\/2024\/04\/EPUPA-FALLS-768x432.jpg 768w, https:\/\/tanzaniadmc.com\/wp-content\/uploads\/2024\/04\/EPUPA-FALLS-1536x864.jpg 1536w, https:\/\/tanzaniadmc.com\/wp-content\/uploads\/2024\/04\/EPUPA-FALLS-18x10.jpg 18w, https:\/\/tanzaniadmc.com\/wp-content\/uploads\/2024\/04\/EPUPA-FALLS-1500x844.jpg 1500w, https:\/\/tanzaniadmc.com\/wp-content\/uploads\/2024\/04\/EPUPA-FALLS-705x397.jpg 705w\" sizes=\"(max-width: 1920px) 100vw, 1920px\" \/><\/div><\/div><\/div><\/div>\n<div  class='flex_column av-k9tfl-7ec9a2971867cbced109cfbb4186a4da av_one_half  avia-builder-el-26  el_after_av_one_half  avia-builder-el-last  flex_column_div av-animated-generic bottom-to-top  column-top-margin'     ><section  class='av_textblock_section av-7byll-461063ce9686e36eccd83de98e751777'   itemscope=\"itemscope\" itemtype=\"https:\/\/schema.org\/CreativeWork\" ><div class='avia_textblock'  itemprop=\"text\" ><p style=\"text-align: justify;\"><strong>Epupa Falls<\/strong><\/p>\n<p style=\"text-align: justify;\">Las Epupa Falls, un tesoro natural en Namibia, son un espect\u00e1culo impresionante de la madre naturaleza. Aqu\u00ed, las aguas cristalinas del r\u00edo Kunene se precipitan en una serie de cascadas majestuosas, creando un espect\u00e1culo de belleza y poder. El rugido ensordecedor de las cataratas contrasta con la serenidad del entorno circundante, donde se pueden admirar espectaculares vistas panor\u00e1micas. Cada gota de agua que cae deja una estela brillante bajo el sol, creando un arco iris de colores que danza sobre las aguas. Las Epupa Falls son un destino impresionante para cualquier amante de la naturaleza. Cerca de las Epupa Falls, las comunidades Himba, conocidas por su estilo de vida tradicional, comparten sus costumbres ancestrales. Son famosos por su vestimenta distintiva y la aplicaci\u00f3n de pigmento rojo en la piel y el cabello. Tienen una profunda conexi\u00f3n con la tierra y sus antepasados. Este estilo de vida \u00fanico ofrece una visi\u00f3n fascinante de la cultura africana y una experiencia enriquecedora para los visitantes.<\/p>\n<\/div><\/section><\/div>","protected":false},"excerpt":{"rendered":"","protected":false},"author":1,"featured_media":0,"parent":528,"menu_order":0,"comment_status":"closed","ping_status":"closed","template":"","meta":{"footnotes":""},"class_list":["post-386","page","type-page","status-publish","hentry"],"_links":{"self":[{"href":"https:\/\/tanzaniadmc.com\/es_es\/wp-json\/wp\/v2\/pages\/386","targetHints":{"allow":["GET"]}}],"collection":[{"href":"https:\/\/tanzaniadmc.com\/es_es\/wp-json\/wp\/v2\/pages"}],"about":[{"href":"https:\/\/tanzaniadmc.com\/es_es\/wp-json\/wp\/v2\/types\/page"}],"author":[{"embeddable":true,"href":"https:\/\/tanzaniadmc.com\/es_es\/wp-json\/wp\/v2\/users\/1"}],"replies":[{"embeddable":true,"href":"https:\/\/tanzaniadmc.com\/es_es\/wp-json\/wp\/v2\/comments?post=386"}],"version-history":[{"count":13,"href":"https:\/\/tanzaniadmc.com\/es_es\/wp-json\/wp\/v2\/pages\/386\/revisions"}],"predecessor-version":[{"id":835,"href":"https:\/\/tanzaniadmc.com\/es_es\/wp-json\/wp\/v2\/pages\/386\/revisions\/835"}],"up":[{"embeddable":true,"href":"https:\/\/tanzaniadmc.com\/es_es\/wp-json\/wp\/v2\/pages\/528"}],"wp:attachment":[{"href":"https:\/\/tanzaniadmc.com\/es_es\/wp-json\/wp\/v2\/media?parent=386"}],"curies":[{"name":"wp","href":"https:\/\/api.w.org\/{rel}","templated":true}]}}