{"id":356,"date":"2024-03-27T09:55:08","date_gmt":"2024-03-27T09:55:08","guid":{"rendered":"https:\/\/tanzaniadmc.com\/?page_id=356"},"modified":"2024-05-29T09:41:23","modified_gmt":"2024-05-29T09:41:23","slug":"quienes-somos","status":"publish","type":"page","link":"https:\/\/tanzaniadmc.com\/es_es\/quienes-somos","title":{"rendered":"Quienes somos"},"content":{"rendered":"<style type=\"text\/css\" data-created_by=\"avia_inline_auto\" id=\"style-css-av-lu9lkpgo-710ad2670c6423dbe2bbce624531f8ae\">\n#top .hr.av-lu9lkpgo-710ad2670c6423dbe2bbce624531f8ae{\nmargin-top:30px;\nmargin-bottom:30px;\n}\n.hr.av-lu9lkpgo-710ad2670c6423dbe2bbce624531f8ae .hr-inner{\nwidth:50px;\nborder-color:#ffffff;\n}\n<\/style>\n<div  class='hr av-lu9lkpgo-710ad2670c6423dbe2bbce624531f8ae hr-custom  avia-builder-el-0  el_before_av_heading  avia-builder-el-first  av-desktop-hide av-medium-hide hr-center hr-icon-no'><span class='hr-inner inner-border-av-border-fat'><span class=\"hr-inner-style\"><\/span><\/span><\/div>\n\n<style type=\"text\/css\" data-created_by=\"avia_inline_auto\" id=\"style-css-av-lu9lk2k4-803f7e7d91bc593f2c8290a08fb54bc9\">\n#top .av-special-heading.av-lu9lk2k4-803f7e7d91bc593f2c8290a08fb54bc9{\npadding-bottom:10px;\n}\nbody .av-special-heading.av-lu9lk2k4-803f7e7d91bc593f2c8290a08fb54bc9 .av-special-heading-tag .heading-char{\nfont-size:25px;\n}\n.av-special-heading.av-lu9lk2k4-803f7e7d91bc593f2c8290a08fb54bc9 .av-subheading{\nfont-size:15px;\n}\n<\/style>\n<div  class='av-special-heading av-lu9lk2k4-803f7e7d91bc593f2c8290a08fb54bc9 av-special-heading-h1 blockquote modern-quote modern-centered  avia-builder-el-1  el_after_av_hr  el_before_av_hr'><h1 class='av-special-heading-tag'  itemprop=\"headline\"  >\u00bfQui\u00e9nes somos?<\/h1><div class=\"special-heading-border\"><div class=\"special-heading-inner-border\"><\/div><\/div><\/div>\n\n<style type=\"text\/css\" data-created_by=\"avia_inline_auto\" id=\"style-css-av-7qeng-834079bb61bc386f8fa5871708477774\">\n#top .hr.av-7qeng-834079bb61bc386f8fa5871708477774{\nmargin-top:30px;\nmargin-bottom:30px;\n}\n.hr.av-7qeng-834079bb61bc386f8fa5871708477774 .hr-inner{\nwidth:50px;\nborder-color:#7c9162;\n}\n<\/style>\n<div  class='hr av-7qeng-834079bb61bc386f8fa5871708477774 hr-custom  avia-builder-el-2  el_after_av_heading  el_before_av_image  hr-center hr-icon-no'><span class='hr-inner inner-border-av-border-fat'><span class=\"hr-inner-style\"><\/span><\/span><\/div>\n\n<style type=\"text\/css\" data-created_by=\"avia_inline_auto\" id=\"style-css-av-lu9lm5me-e8c85b2ba8a48c1eea04aa934121d686\">\n.avia-image-container.av-lu9lm5me-e8c85b2ba8a48c1eea04aa934121d686 img.avia_image{\nbox-shadow:none;\n}\n.avia-image-container.av-lu9lm5me-e8c85b2ba8a48c1eea04aa934121d686 .av-image-caption-overlay-center{\ncolor:#ffffff;\n}\n<\/style>\n<div  class='avia-image-container av-lu9lm5me-e8c85b2ba8a48c1eea04aa934121d686 av-styling- avia_animated_image av-animated-when-visible-95 fade-in-up avia-align-center  avia-builder-el-3  el_after_av_hr  el_before_av_hr'   itemprop=\"image\" itemscope=\"itemscope\" itemtype=\"https:\/\/schema.org\/ImageObject\" ><div class=\"avia-image-container-inner\"><div class=\"avia-image-overlay-wrap\"><img decoding=\"async\" fetchpriority=\"high\" class='wp-image-785 avia-img-lazy-loading-not-785 avia_image' src=\"https:\/\/tanzaniadmc.com\/wp-content\/uploads\/2024\/05\/QUIENES-SOMOS-OK-scaled.jpg\" alt='' title='QUIENES SOMOS OK'  height=\"1707\" width=\"2560\"  itemprop=\"thumbnailUrl\" srcset=\"https:\/\/tanzaniadmc.com\/wp-content\/uploads\/2024\/05\/QUIENES-SOMOS-OK-scaled.jpg 2560w, https:\/\/tanzaniadmc.com\/wp-content\/uploads\/2024\/05\/QUIENES-SOMOS-OK-300x200.jpg 300w, https:\/\/tanzaniadmc.com\/wp-content\/uploads\/2024\/05\/QUIENES-SOMOS-OK-1030x687.jpg 1030w, https:\/\/tanzaniadmc.com\/wp-content\/uploads\/2024\/05\/QUIENES-SOMOS-OK-768x512.jpg 768w, https:\/\/tanzaniadmc.com\/wp-content\/uploads\/2024\/05\/QUIENES-SOMOS-OK-1536x1024.jpg 1536w, https:\/\/tanzaniadmc.com\/wp-content\/uploads\/2024\/05\/QUIENES-SOMOS-OK-2048x1366.jpg 2048w, https:\/\/tanzaniadmc.com\/wp-content\/uploads\/2024\/05\/QUIENES-SOMOS-OK-18x12.jpg 18w, https:\/\/tanzaniadmc.com\/wp-content\/uploads\/2024\/05\/QUIENES-SOMOS-OK-1500x1000.jpg 1500w, https:\/\/tanzaniadmc.com\/wp-content\/uploads\/2024\/05\/QUIENES-SOMOS-OK-705x470.jpg 705w\" sizes=\"(max-width: 2560px) 100vw, 2560px\" \/><\/div><\/div><\/div>\n\n<style type=\"text\/css\" data-created_by=\"avia_inline_auto\" id=\"style-css-av-lu9lp9mi-78b6b9bb91200c9698f65402b0d06221\">\n#top .hr.hr-invisible.av-lu9lp9mi-78b6b9bb91200c9698f65402b0d06221{\nheight:50px;\n}\n<\/style>\n<div  class='hr av-lu9lp9mi-78b6b9bb91200c9698f65402b0d06221 hr-invisible  avia-builder-el-4  el_after_av_image  el_before_av_textblock'><span class='hr-inner'><span class=\"hr-inner-style\"><\/span><\/span><\/div>\n<section  class='av_textblock_section av-lu9lne80-f80dce12329308bfd8eb8d8f9b303215'   itemscope=\"itemscope\" itemtype=\"https:\/\/schema.org\/CreativeWork\" ><div class='avia_textblock'  itemprop=\"text\" ><p style=\"text-align: justify;\" class=\"translation-block\"><b>Tanzania DMC<\/b> es una <b>empresa consolidada<\/b> con <b>m\u00e1s de 15 a\u00f1os de experiencia<\/b> en la organizaci\u00f3n de <b>safaris<\/b> por todo el <b>continente africano.<\/b> Con sede en <b>Arusha, Tanzania,<\/b> la empresa est\u00e1 dirigida por un <b>equipo de profesionales experimentados<\/b> que sin duda elevan el list\u00f3n en la <b>industria nacional de safaris.<\/b>\n. La determinaci\u00f3n de fundar una empresa de safaris surgi\u00f3 de la profunda convicci\u00f3n de que era necesario ofrecer a los viajeros una <b>experiencia inigualable.<\/b><\/p>\n<p style=\"text-align: justify;\" class=\"translation-block\">Su visi\u00f3n iba m\u00e1s all\u00e1 de mostrar la naturaleza africana; El objetivo era crear viajes personalizados que dejen una impresi\u00f3n duradera en cada viajero. Tanzania DMC se enorgullece de su compromiso con la excelencia en el servicio al cliente y la preservaci\u00f3n del patrimonio natural y cultural de \u00c1frica. Los valores de la empresa incluyen la autenticidad, la sostenibilidad y la pasi\u00f3n por compartir la belleza y la diversidad del\nContinente africano.<\/p>\n<p style=\"text-align: justify;\" class=\"translation-block\">Especializados en viajes de incentivos, viajes en grupo, experiencias ex\u00f3ticas de luna de miel y safaris privados exclusivos, el equipo ha cultivado una cultura arraigada en estos valores, que son fundamentales para el \u00e9xito de Tanzania DMC. Cada safari representa una oportunidad para que la empresa mejore sus servicios y ofertas, manteni\u00e9ndose fiel a su visi\u00f3n y valores.<\/p>\n<p style=\"text-align: justify;\" class=\"translation-block\">M\u00e1s all\u00e1 de las fronteras de Tanzania y Zanz\u00edbar, destinos como Botswana, Zimbabwe, Uganda, SUD\u00c1FRICA, Mozambique, Ruanda, Namibia o Kenia, se han integrado desde hace tiempo en el portafolio de Tanzania DMC, asegurando experiencias e itinerarios que superan todas las expectativas para los entusiastas de \u00c1frica.<\/p>\n<\/div><\/section>","protected":false},"excerpt":{"rendered":"","protected":false},"author":1,"featured_media":0,"parent":0,"menu_order":0,"comment_status":"closed","ping_status":"closed","template":"","meta":{"footnotes":""},"class_list":["post-356","page","type-page","status-publish","hentry"],"_links":{"self":[{"href":"https:\/\/tanzaniadmc.com\/es_es\/wp-json\/wp\/v2\/pages\/356","targetHints":{"allow":["GET"]}}],"collection":[{"href":"https:\/\/tanzaniadmc.com\/es_es\/wp-json\/wp\/v2\/pages"}],"about":[{"href":"https:\/\/tanzaniadmc.com\/es_es\/wp-json\/wp\/v2\/types\/page"}],"author":[{"embeddable":true,"href":"https:\/\/tanzaniadmc.com\/es_es\/wp-json\/wp\/v2\/users\/1"}],"replies":[{"embeddable":true,"href":"https:\/\/tanzaniadmc.com\/es_es\/wp-json\/wp\/v2\/comments?post=356"}],"version-history":[{"count":6,"href":"https:\/\/tanzaniadmc.com\/es_es\/wp-json\/wp\/v2\/pages\/356\/revisions"}],"predecessor-version":[{"id":820,"href":"https:\/\/tanzaniadmc.com\/es_es\/wp-json\/wp\/v2\/pages\/356\/revisions\/820"}],"wp:attachment":[{"href":"https:\/\/tanzaniadmc.com\/es_es\/wp-json\/wp\/v2\/media?parent=356"}],"curies":[{"name":"wp","href":"https:\/\/api.w.org\/{rel}","templated":true}]}}