{"id":351,"date":"2024-03-27T09:24:53","date_gmt":"2024-03-27T09:24:53","guid":{"rendered":"https:\/\/tanzaniadmc.com\/?page_id=351"},"modified":"2024-05-29T09:37:11","modified_gmt":"2024-05-29T09:37:11","slug":"viajar-nosotros","status":"publish","type":"page","link":"https:\/\/tanzaniadmc.com\/es_es\/viajar-nosotros","title":{"rendered":"\u00bfPor qu\u00e9 viajar con nosotros?"},"content":{"rendered":"<style type=\"text\/css\" data-created_by=\"avia_inline_auto\" id=\"style-css-av-lu9lkpgo-710ad2670c6423dbe2bbce624531f8ae\">\n#top .hr.av-lu9lkpgo-710ad2670c6423dbe2bbce624531f8ae{\nmargin-top:30px;\nmargin-bottom:30px;\n}\n.hr.av-lu9lkpgo-710ad2670c6423dbe2bbce624531f8ae .hr-inner{\nwidth:50px;\nborder-color:#ffffff;\n}\n<\/style>\n<div  class='hr av-lu9lkpgo-710ad2670c6423dbe2bbce624531f8ae hr-custom  avia-builder-el-0  el_before_av_heading  avia-builder-el-first  av-desktop-hide av-medium-hide hr-center hr-icon-no'><span class='hr-inner inner-border-av-border-fat'><span class=\"hr-inner-style\"><\/span><\/span><\/div>\n\n<style type=\"text\/css\" data-created_by=\"avia_inline_auto\" id=\"style-css-av-lu9lk2k4-b20803b48d3758bad7b5b926a2f3b6de\">\n#top .av-special-heading.av-lu9lk2k4-b20803b48d3758bad7b5b926a2f3b6de{\npadding-bottom:10px;\n}\nbody .av-special-heading.av-lu9lk2k4-b20803b48d3758bad7b5b926a2f3b6de .av-special-heading-tag .heading-char{\nfont-size:25px;\n}\n.av-special-heading.av-lu9lk2k4-b20803b48d3758bad7b5b926a2f3b6de .av-subheading{\nfont-size:15px;\n}\n<\/style>\n<div  class='av-special-heading av-lu9lk2k4-b20803b48d3758bad7b5b926a2f3b6de av-special-heading-h1 blockquote modern-quote modern-centered  avia-builder-el-1  el_after_av_hr  el_before_av_hr'><h1 class='av-special-heading-tag'  itemprop=\"headline\"  >\u00bfPor qu\u00e9 viajar con nosotros?<\/h1><div class=\"special-heading-border\"><div class=\"special-heading-inner-border\"><\/div><\/div><\/div>\n\n<style type=\"text\/css\" data-created_by=\"avia_inline_auto\" id=\"style-css-av-7g2qf-99e2a1182dc953108bdb7ad2f0c4a4d4\">\n#top .hr.av-7g2qf-99e2a1182dc953108bdb7ad2f0c4a4d4{\nmargin-top:30px;\nmargin-bottom:30px;\n}\n.hr.av-7g2qf-99e2a1182dc953108bdb7ad2f0c4a4d4 .hr-inner{\nwidth:50px;\nborder-color:#7c9162;\n}\n<\/style>\n<div  class='hr av-7g2qf-99e2a1182dc953108bdb7ad2f0c4a4d4 hr-custom  avia-builder-el-2  el_after_av_heading  el_before_av_image  hr-center hr-icon-no'><span class='hr-inner inner-border-av-border-fat'><span class=\"hr-inner-style\"><\/span><\/span><\/div>\n\n<style type=\"text\/css\" data-created_by=\"avia_inline_auto\" id=\"style-css-av-lu9lm5me-b531d4893042577f430f7dea4921fd54\">\n.avia-image-container.av-lu9lm5me-b531d4893042577f430f7dea4921fd54 img.avia_image{\nbox-shadow:none;\n}\n.avia-image-container.av-lu9lm5me-b531d4893042577f430f7dea4921fd54 .av-image-caption-overlay-center{\ncolor:#ffffff;\n}\n<\/style>\n<div  class='avia-image-container av-lu9lm5me-b531d4893042577f430f7dea4921fd54 av-styling- avia_animated_image av-animated-when-visible-95 fade-in-up avia-align-center  avia-builder-el-3  el_after_av_hr  el_before_av_hr'   itemprop=\"image\" itemscope=\"itemscope\" itemtype=\"https:\/\/schema.org\/ImageObject\" ><div class=\"avia-image-container-inner\"><div class=\"avia-image-overlay-wrap\"><img decoding=\"async\" fetchpriority=\"high\" class='wp-image-736 avia-img-lazy-loading-not-736 avia_image' src=\"https:\/\/tanzaniadmc.com\/wp-content\/uploads\/2024\/05\/LUXURY-PQ-VIAJAR-CON-NOSOTROS.jpg\" alt='' title='LUXURY PQ VIAJAR CON NOSOTROS'  height=\"1080\" width=\"1920\"  itemprop=\"thumbnailUrl\" srcset=\"https:\/\/tanzaniadmc.com\/wp-content\/uploads\/2024\/05\/LUXURY-PQ-VIAJAR-CON-NOSOTROS.jpg 1920w, https:\/\/tanzaniadmc.com\/wp-content\/uploads\/2024\/05\/LUXURY-PQ-VIAJAR-CON-NOSOTROS-300x169.jpg 300w, https:\/\/tanzaniadmc.com\/wp-content\/uploads\/2024\/05\/LUXURY-PQ-VIAJAR-CON-NOSOTROS-1030x579.jpg 1030w, https:\/\/tanzaniadmc.com\/wp-content\/uploads\/2024\/05\/LUXURY-PQ-VIAJAR-CON-NOSOTROS-768x432.jpg 768w, https:\/\/tanzaniadmc.com\/wp-content\/uploads\/2024\/05\/LUXURY-PQ-VIAJAR-CON-NOSOTROS-1536x864.jpg 1536w, https:\/\/tanzaniadmc.com\/wp-content\/uploads\/2024\/05\/LUXURY-PQ-VIAJAR-CON-NOSOTROS-18x10.jpg 18w, https:\/\/tanzaniadmc.com\/wp-content\/uploads\/2024\/05\/LUXURY-PQ-VIAJAR-CON-NOSOTROS-1500x844.jpg 1500w, https:\/\/tanzaniadmc.com\/wp-content\/uploads\/2024\/05\/LUXURY-PQ-VIAJAR-CON-NOSOTROS-705x397.jpg 705w\" sizes=\"(max-width: 1920px) 100vw, 1920px\" \/><\/div><\/div><\/div>\n\n<style type=\"text\/css\" data-created_by=\"avia_inline_auto\" id=\"style-css-av-lu9lp9mi-78b6b9bb91200c9698f65402b0d06221\">\n#top .hr.hr-invisible.av-lu9lp9mi-78b6b9bb91200c9698f65402b0d06221{\nheight:50px;\n}\n<\/style>\n<div  class='hr av-lu9lp9mi-78b6b9bb91200c9698f65402b0d06221 hr-invisible  avia-builder-el-4  el_after_av_image  el_before_av_textblock'><span class='hr-inner'><span class=\"hr-inner-style\"><\/span><\/span><\/div>\n<section  class='av_textblock_section av-lu9lne80-f80dce12329308bfd8eb8d8f9b303215'   itemscope=\"itemscope\" itemtype=\"https:\/\/schema.org\/CreativeWork\" ><div class='avia_textblock'  itemprop=\"text\" ><p style=\"text-align: justify;\" class=\"translation-block\">Viajar con Tanzania DMC es experimentar la esencia de la aventura. Se trata de la elecci\u00f3n \u00f3ptima para aquellos que buscan experiencias que superen sus expectativas. Nuestro enfoque apasionado y meticuloso garantiza que cada safari sea una experiencia inolvidable.<\/p>\n<p style=\"text-align: justify;\" class=\"translation-block\">Desde la majestuosidad del Monte Kilimanjaro hasta la impresionante vida salvaje del Serengeti, los viajeros son llevados a lugares que los dejar\u00e1n sin aliento. La misi\u00f3n de Tanzania DMC es desafiar los l\u00edmites, conectar con la naturaleza y construir recuerdos que perduren toda la vida. Con nuestro equipo de expertos gu\u00edas profesionales que comparten la pasi\u00f3n por \u00c1frica, la experiencia m\u00e1s aut\u00e9ntica y enriquecedora est\u00e1 siempre garantizada.<\/p>\n<p style=\"text-align: justify;\" class=\"translation-block\">Desde emocionantes safaris privados hasta rom\u00e1nticos viajes de novios y viajes de incentivo para grupos, se ofrece una amplia gama de opciones para satisfacer las necesidades y deseos de los viajeros. Optar por Tanzania DMC significa elegir m\u00e1s que un safari; es elegir una experiencia transformadora que dejar\u00e1 una huella duradera en el coraz\u00f3n y el alma del viajero. \u00danete a Tanzania DMC y descubre el universo de nuevas sensaciones que te espera en el coraz\u00f3n de \u00c1frica.<\/p>\n<p style=\"text-align: justify;\"><span style=\"color: #888888;\">\u00a0<\/span><\/p>\n<\/div><\/section>","protected":false},"excerpt":{"rendered":"","protected":false},"author":1,"featured_media":0,"parent":0,"menu_order":0,"comment_status":"closed","ping_status":"closed","template":"","meta":{"footnotes":""},"class_list":["post-351","page","type-page","status-publish","hentry"],"_links":{"self":[{"href":"https:\/\/tanzaniadmc.com\/es_es\/wp-json\/wp\/v2\/pages\/351","targetHints":{"allow":["GET"]}}],"collection":[{"href":"https:\/\/tanzaniadmc.com\/es_es\/wp-json\/wp\/v2\/pages"}],"about":[{"href":"https:\/\/tanzaniadmc.com\/es_es\/wp-json\/wp\/v2\/types\/page"}],"author":[{"embeddable":true,"href":"https:\/\/tanzaniadmc.com\/es_es\/wp-json\/wp\/v2\/users\/1"}],"replies":[{"embeddable":true,"href":"https:\/\/tanzaniadmc.com\/es_es\/wp-json\/wp\/v2\/comments?post=351"}],"version-history":[{"count":11,"href":"https:\/\/tanzaniadmc.com\/es_es\/wp-json\/wp\/v2\/pages\/351\/revisions"}],"predecessor-version":[{"id":819,"href":"https:\/\/tanzaniadmc.com\/es_es\/wp-json\/wp\/v2\/pages\/351\/revisions\/819"}],"wp:attachment":[{"href":"https:\/\/tanzaniadmc.com\/es_es\/wp-json\/wp\/v2\/media?parent=351"}],"curies":[{"name":"wp","href":"https:\/\/api.w.org\/{rel}","templated":true}]}}